{"id":5399,"date":"2026-05-09T14:40:55","date_gmt":"2026-05-09T12:40:55","guid":{"rendered":"https:\/\/hostalayestaran.com\/?page_id=5399"},"modified":"2026-05-09T20:29:31","modified_gmt":"2026-05-09T18:29:31","slug":"misterio-de-cine","status":"publish","type":"page","link":"https:\/\/hostalayestaran.com\/es\/misterio-de-cine\/","title":{"rendered":"Misterio de cine"},"content":{"rendered":"<p>[vc_row][vc_column]<div class=\"ult-spacer spacer-6a032182302ba\" data-id=\"6a032182302ba\" data-height=\"150\" data-height-mobile=\"150\" data-height-tab=\"150\" data-height-tab-portrait=\"150\" data-height-mobile-landscape=\"150\" style=\"clear:both;display:block;\"><\/div><div id=\"ultimate-heading-14426a03218231ba4\" class=\"uvc-heading ult-adjust-bottom-margin ultimate-heading-14426a03218231ba4 uvc-3550 \" data-hspacer=\"line_with_icon\" data-hline_width=\"auto\" data-hicon_type=\"custom\" data-hborder_style=\"solid\" data-hborder_height=\"2\" data-hborder_color=\"#ccc\" data-icon_width=\"220\" data-hfixer=\"10\"  data-halign=\"center\" style=\"text-align:center\"><div class=\"uvc-heading-spacer line_with_icon\" style=\"top\"><div class=\"ult-just-icon-wrapper  \"><div class=\"align-icon\" style=\"text-align:center;\">\n<div class=\"aio-icon-img \" style=\"font-size:220px;display:inline-block;\" >\n\t<img decoding=\"async\" class=\"img-icon\" alt=\"null\" src=\"https:\/\/hostalayestaran.com\/wp-content\/uploads\/2022\/11\/misterios-logo-negro.png\"\/>\n<\/div><\/div><\/div><\/div><\/div><div class=\"ult-spacer spacer-6a03218231cae\" data-id=\"6a03218231cae\" data-height=\"60\" data-height-mobile=\"40\" data-height-tab=\"60\" data-height-tab-portrait=\"40\" data-height-mobile-landscape=\"40\" style=\"clear:both;display:block;\"><\/div>[\/vc_column][\/vc_row][vc_row][vc_column width=\u00bb1\/2&#8243;][vc_single_image image=\u00bb5522&#8243; img_size=\u00bbfull\u00bb]<div class=\"ult-spacer spacer-6a03218231d3c\" data-id=\"6a03218231d3c\" data-height=\"0\" data-height-mobile=\"20\" data-height-tab=\"30\" data-height-tab-portrait=\"30\" data-height-mobile-landscape=\"20\" style=\"clear:both;display:block;\"><\/div>[\/vc_column][vc_column width=\u00bb1\/2&#8243;]<div class=\"ult-content-box-container \" >\t\t<div class=\"ult-content-box\" style=\"-webkit-transition: all 700ms ease;-moz-transition: all 700ms ease;-ms-transition: all 700ms ease;-o-transition: all 700ms ease;transition: all 700ms ease;\"    ><div class=\"ult-spacer spacer-6a03218231e9e\" data-id=\"6a03218231e9e\" data-height=\"50\" data-height-mobile=\"20\" data-height-tab=\"50\" data-height-tab-portrait=\"50\" data-height-mobile-landscape=\"20\" style=\"clear:both;display:block;\"><\/div><div id=\"ultimate-heading-39576a03218231f3b\" class=\"uvc-heading ult-adjust-bottom-margin ultimate-heading-39576a03218231f3b uvc-3355 \" data-hspacer=\"no_spacer\"  data-halign=\"left\" style=\"text-align:left\"><div class=\"uvc-heading-spacer no_spacer\" style=\"top\"><\/div><div class=\"uvc-sub-heading ult-responsive\"  data-ultimate-target='.uvc-heading.ultimate-heading-39576a03218231f3b .uvc-sub-heading '  data-responsive-json-new='{\"font-size\":\"\",\"line-height\":\"\"}'  style=\"font-weight:normal;color:#000000;\"><span style=\"font-weight: 400;\">Hace dos meses, un equipo de televisi\u00f3n lleg\u00f3 al hotel para rodar una serie. Durante varios d\u00edas todo funcion\u00f3 con normalidad, pero de repente el rodaje se detuvo y el equipo tuvo que marcharse dejando algunas escenas sin terminar.\u00a0<\/span><\/p>\n<p><span style=\"font-weight: 400;\">Ahora<\/span><span style=\"font-weight: 400;\">, <\/span><span style=\"font-weight: 400;\">la productora ha decidido regresar para completar el proyecto<\/span><span style=\"font-weight: 400;\">. <\/span><span style=\"font-weight: 400;\">Para ello <\/span><span style=\"font-weight: 400;\">se realizar\u00e1 un casting especial en el que se seleccionar\u00e1 a personas que quieran participar en el rodaje<\/span><span style=\"font-weight: 400;\">&#8230; <\/span><span style=\"font-weight: 400;\">y resolver un Misterio. \u00bfTe gustaria participar en el rodaje de la serie<\/span><span style=\"font-weight: 400;\">? \u00bfTe <\/span><span style=\"font-weight: 400;\">imaginas detras o delante de las c\u00e1maras<\/span><span style=\"font-weight: 400;\">?<\/span><span style=\"font-weight: 400;\">&#8230; No te lo pierdas.<\/span><\/p>\n<p>&nbsp;<\/p>\n<p><span style=\"font-weight: 400;\">Recuerda: los clientes no solo son espectadores, sino protagonistas.<\/span><\/p>\n<p><br style=\"font-weight: 400;\" \/><br style=\"font-weight: 400;\" \/><\/div><\/div><div class=\"ult-spacer spacer-6a03218231ff7\" data-id=\"6a03218231ff7\" data-height=\"30\" data-height-mobile=\"20\" data-height-tab=\"30\" data-height-tab-portrait=\"30\" data-height-mobile-landscape=\"20\" style=\"clear:both;display:block;\"><\/div>\t\t<\/div><\/div>[\/vc_column][\/vc_row][vc_row][vc_column]<div class=\"ult-spacer spacer-6a032182320b4\" data-id=\"6a032182320b4\" data-height=\"30\" data-height-mobile=\"20\" data-height-tab=\"30\" data-height-tab-portrait=\"30\" data-height-mobile-landscape=\"20\" style=\"clear:both;display:block;\"><\/div>[vc_raw_html]JTNDc2NyaXB0JTIwdHlwZSUzRCUyMnRleHQlMkZqYXZhc2NyaXB0JTIyJTIwc3JjJTNEJTIyaHR0cCUzQSUyRiUyRnZpYWplc2RpdmVydGlzLmVzJTJGaWZyYW1lJTJGaWZyYW1lUmVzaXplci5taW4uanMlMjIlM0UlM0MlMkZzY3JpcHQlM0UlMjAlMEElMEElM0NpZnJhbWUlMjBpZCUzRCUyMmRpdmVydGlzSWZyYW1lJTIyJTIwc3JjJTNEJTIyJTIwaHR0cHMlM0ElMkYlMkZ2aWFqZXNkaXZlcnRpcy5lcyUyRmV4cGVyaWVuY2lhcyUyRjQwNi1taXN0ZXJpby1vcGVyYWNpb24tbmVwdHVuby5odG1sJTIwJTIwJTIyJTIwc3R5bGUlM0QlMjJ3aWR0aCUzQSUyMDEwMCUyNSUzQm92ZXJmbG93JTNBaGlkZGVuJTNCJTIyJTIwc2Nyb2xsaW5nJTNEJTIybm8lMjIlMjBmcmFtZWJvcmRlciUzRCUyMjAlMjIlM0UlM0MlMkZpZnJhbWUlM0UlMEElMEElMEElM0NzY3JpcHQlM0VpRnJhbWVSZXNpemUlMjglN0IlMjJib2R5QmFja2dyb3VuZCUyMiUzQSUyMiUyM0ZGRkZGRiUyMiU3RCUyQyUyMiUyM2RpdmVydGlzSWZyYW1lJTIyJTI5JTNCJTNDJTJGc2NyaXB0JTNF[\/vc_raw_html][\/vc_column][\/vc_row][vc_row][vc_column]<div class=\"ult-spacer spacer-6a03218232137\" data-id=\"6a03218232137\" data-height=\"50\" data-height-mobile=\"30\" data-height-tab=\"50\" data-height-tab-portrait=\"50\" data-height-mobile-landscape=\"30\" style=\"clear:both;display:block;\"><\/div><div id=\"ultimate-heading-2286a03218232361\" class=\"uvc-heading ult-adjust-bottom-margin ultimate-heading-2286a03218232361 uvc-2182 \" data-hspacer=\"line_with_icon\" data-hline_width=\"auto\" data-hicon_type=\"selector\" data-hborder_style=\"solid\" data-hborder_height=\"1\" data-hborder_color=\"#ccc\" data-icon_width=\"32\" data-hfixer=\"10\"  data-halign=\"center\" style=\"text-align:center\"><div class=\"uvc-main-heading ult-responsive\"  data-ultimate-target='.uvc-heading.ultimate-heading-2286a03218232361 h2'  data-responsive-json-new='{\"font-size\":\"desktop:20px;\",\"line-height\":\"\"}' ><h2 style=\"font-family:&#039;Ubuntu&#039;;font-weight:500;\">DESCUBRE TODOS LOS MISTERIOS DEL AYESTAR\u00c1N<\/h2><\/div><div class=\"uvc-heading-spacer line_with_icon\" style=\"margin-top:15px;margin-bottom:15px;height:32px;\"><div class=\"ult-just-icon-wrapper  \"><div class=\"align-icon\" style=\"text-align:center;\"><\/div><\/div><\/div><div class=\"uvc-sub-heading ult-responsive\"  data-ultimate-target='.uvc-heading.ultimate-heading-2286a03218232361 .uvc-sub-heading '  data-responsive-json-new='{\"font-size\":\"desktop:22px;\",\"line-height\":\"\"}'  style=\"font-family:&#039;Ubuntu&#039;;font-weight:300;margin-bottom:50px;\">\u00bfTE ATREVES?<\/div><\/div><div id=\"ult-carousel-6364161036a032182328ce\" class=\"ult-carousel-wrapper   ult_horizontal\" data-gutter=\"15\" data-rtl=\"false\" ><div class=\"ult-carousel-1609638136a03218232434 \" ><div class=\"ult-item-wrap\" data-animation=\"animated no-animation\"><div class=\"ult-content-box-container \" >\t<a class=\"ult-content-box-anchor\" href=\"https:\/\/hostalayestaran.com\/es\/misterios-ayestaran\/no-todo-es-lo-que-parece\/\" title=\"El Misterio del Ayestar\u00e1n\" >\t\t<div class=\"ult-content-box\" style=\"background-image:url(&#039;https:\/\/hostalayestaran.com\/wp-content\/uploads\/2019\/09\/no-todo.jpg&#039;);background-size: cover;background-repeat: repeat;background-position: center center;background-color: rgba(0, 0, 0, 0);box-shadow: px px px px none;border-style:solid;border-width:1px;border-color:#8c8c8c;padding-top:250px;-webkit-transition: all 700ms ease;-moz-transition: all 700ms ease;-ms-transition: all 700ms ease;-o-transition: all 700ms ease;transition: all 700ms ease;\"  data-hover_box_shadow=\"none\"  data-hover_border_color=\"#8c8c8c\"     data-border_color=\"#8c8c8c\" >\t\t<\/div>\t<\/a><\/div><\/div><div class=\"ult-item-wrap\" data-animation=\"animated no-animation\"><div class=\"ult-content-box-container \" >\t<a class=\"ult-content-box-anchor\" href=\"https:\/\/hostalayestaran.com\/es\/misterios-ayestaran\/el-asesinato-del-padre-don-angel\/\" title=\"El Asesinato del Padre Don \u00c1ngel\" >\t\t<div class=\"ult-content-box\" style=\"background-image:url(&#039;https:\/\/hostalayestaran.com\/wp-content\/uploads\/2019\/09\/padre-don-angel.jpg&#039;);background-size: cover;background-repeat: repeat;background-position: center center;background-color: rgba(0, 0, 0, 0);box-shadow: px px px px none;border-style:solid;border-width:1px;border-color:#8c8c8c;padding-top:250px;-webkit-transition: all 700ms ease;-moz-transition: all 700ms ease;-ms-transition: all 700ms ease;-o-transition: all 700ms ease;transition: all 700ms ease;\"  data-hover_box_shadow=\"none\"  data-hover_border_color=\"#8c8c8c\"     data-border_color=\"#8c8c8c\" >\t\t<\/div>\t<\/a><\/div><\/div><div class=\"ult-item-wrap\" data-animation=\"animated no-animation\"><div class=\"ult-content-box-container \" >\t<a class=\"ult-content-box-anchor\" href=\"https:\/\/hostalayestaran.com\/es\/misterios-ayestaran\/akelarre\/\" title=\"Akelarre\" >\t\t<div class=\"ult-content-box\" style=\"background-image:url(&#039;https:\/\/hostalayestaran.com\/wp-content\/uploads\/2019\/09\/akelarre-2.jpg&#039;);background-size: cover;background-repeat: repeat;background-position: center center;background-color: rgba(0, 0, 0, 0);box-shadow: px px px px none;border-style:solid;border-width:1px;border-color:#8c8c8c;padding-top:250px;-webkit-transition: all 700ms ease;-moz-transition: all 700ms ease;-ms-transition: all 700ms ease;-o-transition: all 700ms ease;transition: all 700ms ease;\"  data-hover_box_shadow=\"none\"  data-hover_border_color=\"#8c8c8c\"     data-border_color=\"#8c8c8c\" >\t\t<\/div>\t<\/a><\/div><\/div><div class=\"ult-item-wrap\" data-animation=\"animated no-animation\"><div class=\"ult-content-box-container \" >\t<a class=\"ult-content-box-anchor\" href=\"https:\/\/hostalayestaran.com\/es\/misterios-ayestaran\/operacion-neptuno\/\" title=\"Operaci\u00f3n Neptuno\" >\t\t<div class=\"ult-content-box\" style=\"background-image:url(&#039;https:\/\/hostalayestaran.com\/wp-content\/uploads\/2019\/09\/neptuno.jpg&#039;);background-size: cover;background-repeat: repeat;background-position: center center;background-color: rgba(0, 0, 0, 0);box-shadow: px px px px none;border-style:solid;border-width:1px;border-color:#8c8c8c;padding-top:250px;-webkit-transition: all 700ms ease;-moz-transition: all 700ms ease;-ms-transition: all 700ms ease;-o-transition: all 700ms ease;transition: all 700ms ease;\"  data-hover_box_shadow=\"none\"  data-hover_border_color=\"#8c8c8c\"     data-border_color=\"#8c8c8c\" >\t\t<\/div>\t<\/a><\/div><\/div><\/div><\/div>\t\t\t<script type=\"text\/javascript\">\r\n\t\t\t\tjQuery(document).ready(function ($) {\r\n\t\t\t\t\tif( typeof jQuery('.ult-carousel-1609638136a03218232434').slick == \"function\"){\r\n\t\t\t\t\t\t$('.ult-carousel-1609638136a03218232434').slick({dots: false,autoplay: true,autoplaySpeed: 5000,speed: 300,infinite: true,arrows: true,nextArrow: '<button type=\"button\" role=\"button\" aria-label=\"Next\" style=\"color:#ffffff; font-size:20px;\" class=\"slick-next default\"><i class=\"ultsl-arrow-right4\"><\/i><\/button>',prevArrow: '<button type=\"button\" role=\"button\" aria-label=\"Previous\" style=\"color:#ffffff; font-size:20px;\" class=\"slick-prev default\"><i class=\"ultsl-arrow-left4\"><\/i><\/button>',slidesToScroll:1,slidesToShow:4,swipe: true,draggable: true,touchMove: true,pauseOnHover: true,pauseOnFocus: false,responsive: [\r\n\t\t\t\t\t\t\t{\r\n\t\t\t\t\t\t\t  breakpoint: 1026,\r\n\t\t\t\t\t\t\t  settings: {\r\n\t\t\t\t\t\t\t\tslidesToShow: 4,\r\n\t\t\t\t\t\t\t\tslidesToScroll: 1,  \r\n\t\t\t\t\t\t\t  }\r\n\t\t\t\t\t\t\t},\r\n\t\t\t\t\t\t\t{\r\n\t\t\t\t\t\t\t  breakpoint: 1025,\r\n\t\t\t\t\t\t\t  settings: {\r\n\t\t\t\t\t\t\t\tslidesToShow: 2,\r\n\t\t\t\t\t\t\t\tslidesToScroll: 1\r\n\t\t\t\t\t\t\t  }\r\n\t\t\t\t\t\t\t},\r\n\t\t\t\t\t\t\t{\r\n\t\t\t\t\t\t\t  breakpoint: 760,\r\n\t\t\t\t\t\t\t  settings: {\r\n\t\t\t\t\t\t\t\tslidesToShow: 1,\r\n\t\t\t\t\t\t\t\tslidesToScroll: 1\r\n\t\t\t\t\t\t\t  }\r\n\t\t\t\t\t\t\t}\r\n\t\t\t\t\t\t],pauseOnDotsHover: true,customPaging: function(slider, i) {\r\n                   return '<i type=\"button\" style= \"color:#333333;\" class=\"ultsl-record\" data-role=\"none\"><\/i>';\r\n                },});\r\n\t\t\t\t\t}\r\n\t\t\t\t});\r\n\t\t\t<\/script>\r\n\t\t\t[\/vc_column][\/vc_row]<\/p>\n","protected":false},"excerpt":{"rendered":"<p>[vc_row][vc_column][\/vc_column][\/vc_row][vc_row][vc_column width=\u00bb1\/2&#8243;][vc_single_image image=\u00bb5522&#8243; img_size=\u00bbfull\u00bb][\/vc_column][vc_column width=\u00bb1\/2&#8243;][\/vc_column][\/vc_row][vc_row][vc_column][vc_raw_html]JTNDc2NyaXB0JTIwdHlwZSUzRCUyMnRleHQlMkZqYXZhc2NyaXB0JTIyJTIwc3JjJTNEJTIyaHR0cCUzQSUyRiUyRnZpYWplc2RpdmVydGlzLmVzJTJGaWZyYW1lJTJGaWZyYW1lUmVzaXplci5taW4uanMlMjIlM0UlM0MlMkZzY3JpcHQlM0UlMjAlMEElMEElM0NpZnJhbWUlMjBpZCUzRCUyMmRpdmVydGlzSWZyYW1lJTIyJTIwc3JjJTNEJTIyJTIwaHR0cHMlM0ElMkYlMkZ2aWFqZXNkaXZlcnRpcy5lcyUyRmV4cGVyaWVuY2lhcyUyRjQwNi1taXN0ZXJpby1vcGVyYWNpb24tbmVwdHVuby5odG1sJTIwJTIwJTIyJTIwc3R5bGUlM0QlMjJ3aWR0aCUzQSUyMDEwMCUyNSUzQm92ZXJmbG93JTNBaGlkZGVuJTNCJTIyJTIwc2Nyb2xsaW5nJTNEJTIybm8lMjIlMjBmcmFtZWJvcmRlciUzRCUyMjAlMjIlM0UlM0MlMkZpZnJhbWUlM0UlMEElMEElMEElM0NzY3JpcHQlM0VpRnJhbWVSZXNpemUlMjglN0IlMjJib2R5QmFja2dyb3VuZCUyMiUzQSUyMiUyM0ZGRkZGRiUyMiU3RCUyQyUyMiUyM2RpdmVydGlzSWZyYW1lJTIyJTI5JTNCJTNDJTJGc2NyaXB0JTNF[\/vc_raw_html][\/vc_column][\/vc_row][vc_row][vc_column][\/vc_column][\/vc_row] [&hellip;]<\/p>\n","protected":false},"author":1,"featured_media":0,"parent":0,"menu_order":0,"comment_status":"closed","ping_status":"closed","template":"","meta":{"_exactmetrics_skip_tracking":false,"_exactmetrics_sitenote_active":false,"_exactmetrics_sitenote_note":"","_exactmetrics_sitenote_category":0,"footnotes":""},"class_list":["post-5399","page","type-page","status-publish","hentry"],"yoast_head":"<!-- This site is optimized with the Yoast SEO plugin v26.9 - https:\/\/yoast.com\/product\/yoast-seo-wordpress\/ -->\r\n<title>Misterio de cine - Hotel Ayestar\u00e1n<\/title>\r\n<meta name=\"robots\" content=\"index, follow, max-snippet:-1, max-image-preview:large, max-video-preview:-1\" \/>\r\n<link rel=\"canonical\" href=\"https:\/\/hostalayestaran.com\/es\/misterio-de-cine\/\" \/>\r\n<meta property=\"og:locale\" content=\"es_ES\" \/>\r\n<meta property=\"og:type\" content=\"article\" \/>\r\n<meta property=\"og:title\" content=\"Misterio de cine - Hotel Ayestar\u00e1n\" \/>\r\n<meta property=\"og:description\" content=\"[vc_row][vc_column][\/vc_column][\/vc_row][vc_row][vc_column width=\u00bb1\/2&#8243;][vc_single_image image=\u00bb5522&#8243; img_size=\u00bbfull\u00bb][\/vc_column][vc_column width=\u00bb1\/2&#8243;][\/vc_column][\/vc_row][vc_row][vc_column][vc_raw_html]JTNDc2NyaXB0JTIwdHlwZSUzRCUyMnRleHQlMkZqYXZhc2NyaXB0JTIyJTIwc3JjJTNEJTIyaHR0cCUzQSUyRiUyRnZpYWplc2RpdmVydGlzLmVzJTJGaWZyYW1lJTJGaWZyYW1lUmVzaXplci5taW4uanMlMjIlM0UlM0MlMkZzY3JpcHQlM0UlMjAlMEElMEElM0NpZnJhbWUlMjBpZCUzRCUyMmRpdmVydGlzSWZyYW1lJTIyJTIwc3JjJTNEJTIyJTIwaHR0cHMlM0ElMkYlMkZ2aWFqZXNkaXZlcnRpcy5lcyUyRmV4cGVyaWVuY2lhcyUyRjQwNi1taXN0ZXJpby1vcGVyYWNpb24tbmVwdHVuby5odG1sJTIwJTIwJTIyJTIwc3R5bGUlM0QlMjJ3aWR0aCUzQSUyMDEwMCUyNSUzQm92ZXJmbG93JTNBaGlkZGVuJTNCJTIyJTIwc2Nyb2xsaW5nJTNEJTIybm8lMjIlMjBmcmFtZWJvcmRlciUzRCUyMjAlMjIlM0UlM0MlMkZpZnJhbWUlM0UlMEElMEElMEElM0NzY3JpcHQlM0VpRnJhbWVSZXNpemUlMjglN0IlMjJib2R5QmFja2dyb3VuZCUyMiUzQSUyMiUyM0ZGRkZGRiUyMiU3RCUyQyUyMiUyM2RpdmVydGlzSWZyYW1lJTIyJTI5JTNCJTNDJTJGc2NyaXB0JTNF[\/vc_raw_html][\/vc_column][\/vc_row][vc_row][vc_column][\/vc_column][\/vc_row] [&hellip;]\" \/>\r\n<meta property=\"og:url\" content=\"https:\/\/hostalayestaran.com\/es\/misterio-de-cine\/\" \/>\r\n<meta property=\"og:site_name\" content=\"Hotel Ayestar\u00e1n\" \/>\r\n<meta property=\"article:modified_time\" content=\"2026-05-09T18:29:31+00:00\" \/>\r\n<meta name=\"twitter:card\" content=\"summary_large_image\" \/>\r\n<meta name=\"twitter:label1\" content=\"Tiempo de lectura\" \/>\n\t<meta name=\"twitter:data1\" content=\"2 minutos\" \/>\r\n<script type=\"application\/ld+json\" class=\"yoast-schema-graph\">{\"@context\":\"https:\/\/schema.org\",\"@graph\":[{\"@type\":\"WebPage\",\"@id\":\"https:\/\/hostalayestaran.com\/es\/misterio-de-cine\/\",\"url\":\"https:\/\/hostalayestaran.com\/es\/misterio-de-cine\/\",\"name\":\"Misterio de cine - Hotel Ayestar\u00e1n\",\"isPartOf\":{\"@id\":\"https:\/\/hostalayestaran.com\/es\/#website\"},\"datePublished\":\"2026-05-09T12:40:55+00:00\",\"dateModified\":\"2026-05-09T18:29:31+00:00\",\"breadcrumb\":{\"@id\":\"https:\/\/hostalayestaran.com\/es\/misterio-de-cine\/#breadcrumb\"},\"inLanguage\":\"es\",\"potentialAction\":[{\"@type\":\"ReadAction\",\"target\":[\"https:\/\/hostalayestaran.com\/es\/misterio-de-cine\/\"]}]},{\"@type\":\"BreadcrumbList\",\"@id\":\"https:\/\/hostalayestaran.com\/es\/misterio-de-cine\/#breadcrumb\",\"itemListElement\":[{\"@type\":\"ListItem\",\"position\":1,\"name\":\"Portada\",\"item\":\"https:\/\/hostalayestaran.com\/es\/\"},{\"@type\":\"ListItem\",\"position\":2,\"name\":\"Misterio de cine\"}]},{\"@type\":\"WebSite\",\"@id\":\"https:\/\/hostalayestaran.com\/es\/#website\",\"url\":\"https:\/\/hostalayestaran.com\/es\/\",\"name\":\"Hotel Ayestar\u00e1n\",\"description\":\"Hotel y Restaurante en Lekunberri, Navarra\",\"publisher\":{\"@id\":\"https:\/\/hostalayestaran.com\/es\/#organization\"},\"potentialAction\":[{\"@type\":\"SearchAction\",\"target\":{\"@type\":\"EntryPoint\",\"urlTemplate\":\"https:\/\/hostalayestaran.com\/es\/?s={search_term_string}\"},\"query-input\":{\"@type\":\"PropertyValueSpecification\",\"valueRequired\":true,\"valueName\":\"search_term_string\"}}],\"inLanguage\":\"es\"},{\"@type\":\"Organization\",\"@id\":\"https:\/\/hostalayestaran.com\/es\/#organization\",\"name\":\"Hotel-Hostal Rural Ayestar\u00e1n en Lekunberri, Navarra\",\"url\":\"https:\/\/hostalayestaran.com\/es\/\",\"logo\":{\"@type\":\"ImageObject\",\"inLanguage\":\"es\",\"@id\":\"https:\/\/hostalayestaran.com\/es\/#\/schema\/logo\/image\/\",\"url\":\"https:\/\/hostalayestaran.com\/wp-content\/uploads\/2019\/09\/logotipo-hotel-ayestaran-200x133.png\",\"contentUrl\":\"https:\/\/hostalayestaran.com\/wp-content\/uploads\/2019\/09\/logotipo-hotel-ayestaran-200x133.png\",\"width\":200,\"height\":133,\"caption\":\"Hotel-Hostal Rural Ayestar\u00e1n en Lekunberri, Navarra\"},\"image\":{\"@id\":\"https:\/\/hostalayestaran.com\/es\/#\/schema\/logo\/image\/\"}}]}<\/script>\r\n<!-- \/ Yoast SEO plugin. -->","yoast_head_json":{"title":"Misterio de cine - Hotel Ayestar\u00e1n","robots":{"index":"index","follow":"follow","max-snippet":"max-snippet:-1","max-image-preview":"max-image-preview:large","max-video-preview":"max-video-preview:-1"},"canonical":"https:\/\/hostalayestaran.com\/es\/misterio-de-cine\/","og_locale":"es_ES","og_type":"article","og_title":"Misterio de cine - Hotel Ayestar\u00e1n","og_description":"[vc_row][vc_column][\/vc_column][\/vc_row][vc_row][vc_column width=\u00bb1\/2&#8243;][vc_single_image image=\u00bb5522&#8243; img_size=\u00bbfull\u00bb][\/vc_column][vc_column width=\u00bb1\/2&#8243;][\/vc_column][\/vc_row][vc_row][vc_column][vc_raw_html]JTNDc2NyaXB0JTIwdHlwZSUzRCUyMnRleHQlMkZqYXZhc2NyaXB0JTIyJTIwc3JjJTNEJTIyaHR0cCUzQSUyRiUyRnZpYWplc2RpdmVydGlzLmVzJTJGaWZyYW1lJTJGaWZyYW1lUmVzaXplci5taW4uanMlMjIlM0UlM0MlMkZzY3JpcHQlM0UlMjAlMEElMEElM0NpZnJhbWUlMjBpZCUzRCUyMmRpdmVydGlzSWZyYW1lJTIyJTIwc3JjJTNEJTIyJTIwaHR0cHMlM0ElMkYlMkZ2aWFqZXNkaXZlcnRpcy5lcyUyRmV4cGVyaWVuY2lhcyUyRjQwNi1taXN0ZXJpby1vcGVyYWNpb24tbmVwdHVuby5odG1sJTIwJTIwJTIyJTIwc3R5bGUlM0QlMjJ3aWR0aCUzQSUyMDEwMCUyNSUzQm92ZXJmbG93JTNBaGlkZGVuJTNCJTIyJTIwc2Nyb2xsaW5nJTNEJTIybm8lMjIlMjBmcmFtZWJvcmRlciUzRCUyMjAlMjIlM0UlM0MlMkZpZnJhbWUlM0UlMEElMEElMEElM0NzY3JpcHQlM0VpRnJhbWVSZXNpemUlMjglN0IlMjJib2R5QmFja2dyb3VuZCUyMiUzQSUyMiUyM0ZGRkZGRiUyMiU3RCUyQyUyMiUyM2RpdmVydGlzSWZyYW1lJTIyJTI5JTNCJTNDJTJGc2NyaXB0JTNF[\/vc_raw_html][\/vc_column][\/vc_row][vc_row][vc_column][\/vc_column][\/vc_row] [&hellip;]","og_url":"https:\/\/hostalayestaran.com\/es\/misterio-de-cine\/","og_site_name":"Hotel Ayestar\u00e1n","article_modified_time":"2026-05-09T18:29:31+00:00","twitter_card":"summary_large_image","twitter_misc":{"Tiempo de lectura":"2 minutos"},"schema":{"@context":"https:\/\/schema.org","@graph":[{"@type":"WebPage","@id":"https:\/\/hostalayestaran.com\/es\/misterio-de-cine\/","url":"https:\/\/hostalayestaran.com\/es\/misterio-de-cine\/","name":"Misterio de cine - Hotel Ayestar\u00e1n","isPartOf":{"@id":"https:\/\/hostalayestaran.com\/es\/#website"},"datePublished":"2026-05-09T12:40:55+00:00","dateModified":"2026-05-09T18:29:31+00:00","breadcrumb":{"@id":"https:\/\/hostalayestaran.com\/es\/misterio-de-cine\/#breadcrumb"},"inLanguage":"es","potentialAction":[{"@type":"ReadAction","target":["https:\/\/hostalayestaran.com\/es\/misterio-de-cine\/"]}]},{"@type":"BreadcrumbList","@id":"https:\/\/hostalayestaran.com\/es\/misterio-de-cine\/#breadcrumb","itemListElement":[{"@type":"ListItem","position":1,"name":"Portada","item":"https:\/\/hostalayestaran.com\/es\/"},{"@type":"ListItem","position":2,"name":"Misterio de cine"}]},{"@type":"WebSite","@id":"https:\/\/hostalayestaran.com\/es\/#website","url":"https:\/\/hostalayestaran.com\/es\/","name":"Hotel Ayestar\u00e1n","description":"Hotel y Restaurante en Lekunberri, Navarra","publisher":{"@id":"https:\/\/hostalayestaran.com\/es\/#organization"},"potentialAction":[{"@type":"SearchAction","target":{"@type":"EntryPoint","urlTemplate":"https:\/\/hostalayestaran.com\/es\/?s={search_term_string}"},"query-input":{"@type":"PropertyValueSpecification","valueRequired":true,"valueName":"search_term_string"}}],"inLanguage":"es"},{"@type":"Organization","@id":"https:\/\/hostalayestaran.com\/es\/#organization","name":"Hotel-Hostal Rural Ayestar\u00e1n en Lekunberri, Navarra","url":"https:\/\/hostalayestaran.com\/es\/","logo":{"@type":"ImageObject","inLanguage":"es","@id":"https:\/\/hostalayestaran.com\/es\/#\/schema\/logo\/image\/","url":"https:\/\/hostalayestaran.com\/wp-content\/uploads\/2019\/09\/logotipo-hotel-ayestaran-200x133.png","contentUrl":"https:\/\/hostalayestaran.com\/wp-content\/uploads\/2019\/09\/logotipo-hotel-ayestaran-200x133.png","width":200,"height":133,"caption":"Hotel-Hostal Rural Ayestar\u00e1n en Lekunberri, Navarra"},"image":{"@id":"https:\/\/hostalayestaran.com\/es\/#\/schema\/logo\/image\/"}}]}},"_links":{"self":[{"href":"https:\/\/hostalayestaran.com\/es\/wp-json\/wp\/v2\/pages\/5399","targetHints":{"allow":["GET"]}}],"collection":[{"href":"https:\/\/hostalayestaran.com\/es\/wp-json\/wp\/v2\/pages"}],"about":[{"href":"https:\/\/hostalayestaran.com\/es\/wp-json\/wp\/v2\/types\/page"}],"author":[{"embeddable":true,"href":"https:\/\/hostalayestaran.com\/es\/wp-json\/wp\/v2\/users\/1"}],"replies":[{"embeddable":true,"href":"https:\/\/hostalayestaran.com\/es\/wp-json\/wp\/v2\/comments?post=5399"}],"version-history":[{"count":11,"href":"https:\/\/hostalayestaran.com\/es\/wp-json\/wp\/v2\/pages\/5399\/revisions"}],"predecessor-version":[{"id":5439,"href":"https:\/\/hostalayestaran.com\/es\/wp-json\/wp\/v2\/pages\/5399\/revisions\/5439"}],"wp:attachment":[{"href":"https:\/\/hostalayestaran.com\/es\/wp-json\/wp\/v2\/media?parent=5399"}],"curies":[{"name":"wp","href":"https:\/\/api.w.org\/{rel}","templated":true}]}}