{"id":4416,"date":"2025-03-03T12:31:50","date_gmt":"2025-03-03T11:31:50","guid":{"rendered":"https:\/\/hostalayestaran.com\/?page_id=4416"},"modified":"2026-02-13T11:02:20","modified_gmt":"2026-02-13T10:02:20","slug":"actualidad","status":"publish","type":"page","link":"https:\/\/hostalayestaran.com\/es\/actualidad\/","title":{"rendered":"Actualidad"},"content":{"rendered":"<p>[vc_row][vc_column][vc_text_separator title=\u00bbEnerg\u00eda Renovable\u00bb color=\u00bbcustom\u00bb accent_color=\u00bb#7d0a0a\u00bb]<div class=\"ult-spacer spacer-69e492e2e9404\" data-id=\"69e492e2e9404\" data-height=\"20\" data-height-mobile=\"20\" data-height-tab=\"20\" data-height-tab-portrait=\"20\" data-height-mobile-landscape=\"20\" style=\"clear:both;display:block;\"><\/div><div id=\"ultimate-heading-223669e492e2e94b7\" class=\"uvc-heading ult-adjust-bottom-margin ultimate-heading-223669e492e2e94b7 uvc-4285 \" data-hspacer=\"no_spacer\"  data-halign=\"center\" style=\"text-align:center\"><div class=\"uvc-heading-spacer no_spacer\" style=\"top\"><\/div><div class=\"uvc-sub-heading ult-responsive\"  data-ultimate-target='.uvc-heading.ultimate-heading-223669e492e2e94b7 .uvc-sub-heading '  data-responsive-json-new='{\"font-size\":\"\",\"line-height\":\"\"}'  style=\"font-weight:normal;\">Una empresa m\u00e1s verde con el respaldo de los Fondos Next Generation<\/p>\n<p><b>Una instalaci\u00f3n de 22,5 kWp para autoconsumo sin acumulaci\u00f3n<\/b><\/p>\n<p>Este proyecto, respaldado por el programa de incentivos vinculados a las energ\u00edas renovables, demuestra nuestro compromiso con la sostenibilidad al implementar soluciones solares<\/p>\n<p>En Hotel Ayestaran, S.L., hace tres a\u00f1os, iniciamos el\u00a0proyecto de integraci\u00f3n de placas fotovoltaicas en la cubierta de nuestras instalaciones, impulsado por la b\u00fasqueda constante de soluciones sostenibles. Desde el principio, aprovechamos las oportunidades de\u00a0<a href=\"https:\/\/www.idae.es\/ayudas-y-financiacion\/para-energias-renovables-en-autoconsumo-almacenamiento-y-termicas-sector\/incentivos-autoconsumo-y-almacenamiento-con-fuentes-de-energias-renovables-rd-\"><i>Fondos Next Generation<\/i><\/a>\u00a0para acelerar este proceso y fortalecer nuestra contribuci\u00f3n a un futuro m\u00e1s verde.<\/p>\n<p>Tras solicitar la ayuda comenzamos la instalaci\u00f3n de autoconsumo mediante paneles fotovoltaicos y sin sistema de almacenamiento de energ\u00eda. Analizando nuestro consumo se proyect\u00f3 una instalaci\u00f3n fotovoltaica de 50 placas de 450W, obteniendo una potencia pico de 22,5 kWp en placas con un inversor de 20 kW nominales. Esta instalaci\u00f3n fotovoltaica se ha realizado en varias fases y se ha realizado una inversi\u00f3n significativa de 30.095,11 \u20ac IVA excluido.<\/p>\n<p>A finales del a\u00f1o pasado nos concedieron la ayuda solicitada, por un importe de 8.190,00 \u20ac para la instalaci\u00f3n de placas. Obtuvimos un apoyo financiero respaldando nuestra iniciativa de energ\u00eda sostenible y consolidando nuestro compromiso con pr\u00e1cticas respetuosas con el medio ambiente.<\/p>\n<p>En cuanto a los resultados obtenidos, en el a\u00f1o 2023 la instalaci\u00f3n gener\u00f3 21,77 MWh de energ\u00eda. El 84,77% de la energ\u00eda generada por nuestro proyecto se consumi\u00f3 internamente,\u00a0mientras que el excedente se verti\u00f3 eficientemente a la red. En cuanto al consumo\u00a0desde la red descendi\u00f3\u00a0un 24,61%, fortaleciendo nuestra autonom\u00eda energ\u00e9tica.<\/p>\n<p>En el a\u00f1o 2024, nuestra instalaci\u00f3n solar produjo 21,12 MWh de energ\u00eda. Destacando nuestro compromiso con la autosuficiencia, el 80,82% de esta energ\u00eda se consumi\u00f3 directamente, y el excedente, eficientemente gestionado, se verti\u00f3 a la red. Adem\u00e1s, logramos una notable reducci\u00f3n del 23,92% en nuestro consumo de la red el\u00e9ctrica.<\/div><\/div>[vc_text_separator title=\u00bb\u00bb color=\u00bbcustom\u00bb accent_color=\u00bb#000000&#8243;][\/vc_column][\/vc_row][vc_row][vc_column width=\u00bb1\/2&#8243;]<div id=\"ultimate-heading-839669e492e2e9537\" class=\"uvc-heading ult-adjust-bottom-margin ultimate-heading-839669e492e2e9537 uvc-1064 \" data-hspacer=\"no_spacer\"  data-halign=\"center\" style=\"text-align:center\"><div class=\"uvc-heading-spacer no_spacer\" style=\"top\"><\/div><div class=\"uvc-sub-heading ult-responsive\"  data-ultimate-target='.uvc-heading.ultimate-heading-839669e492e2e9537 .uvc-sub-heading '  data-responsive-json-new='{\"font-size\":\"\",\"line-height\":\"\"}'  style=\"font-weight:normal;\"><img loading=\"lazy\" decoding=\"async\" class=\"aligncenter size-large wp-image-4331\" src=\"https:\/\/hostalayestaran.com\/wp-content\/uploads\/2025\/03\/paneles-solares--1024x511.png\" alt=\"\" width=\"1024\" height=\"511\" srcset=\"https:\/\/hostalayestaran.com\/wp-content\/uploads\/2025\/03\/paneles-solares--1024x511.png 1024w, https:\/\/hostalayestaran.com\/wp-content\/uploads\/2025\/03\/paneles-solares--300x150.png 300w, https:\/\/hostalayestaran.com\/wp-content\/uploads\/2025\/03\/paneles-solares--768x383.png 768w, https:\/\/hostalayestaran.com\/wp-content\/uploads\/2025\/03\/paneles-solares--1000x500.png 1000w, https:\/\/hostalayestaran.com\/wp-content\/uploads\/2025\/03\/paneles-solares-.png 1625w\" sizes=\"auto, (max-width: 1024px) 100vw, 1024px\" \/><\/div><\/div>[vc_text_separator title=\u00bb\u00bb color=\u00bbcustom\u00bb accent_color=\u00bb#ffffff\u00bb]<div id=\"ultimate-heading-624769e492e2e959e\" class=\"uvc-heading ult-adjust-bottom-margin ultimate-heading-624769e492e2e959e uvc-3866 \" data-hspacer=\"no_spacer\"  data-halign=\"center\" style=\"text-align:center\"><div class=\"uvc-heading-spacer no_spacer\" style=\"top\"><\/div><div class=\"uvc-sub-heading ult-responsive\"  data-ultimate-target='.uvc-heading.ultimate-heading-624769e492e2e959e .uvc-sub-heading '  data-responsive-json-new='{\"font-size\":\"\",\"line-height\":\"\"}'  style=\"font-weight:normal;\"><img loading=\"lazy\" decoding=\"async\" class=\"aligncenter size-large wp-image-4327\" src=\"https:\/\/hostalayestaran.com\/wp-content\/uploads\/2025\/03\/paneles-2-1024x511.png\" alt=\"\" width=\"1024\" height=\"511\" srcset=\"https:\/\/hostalayestaran.com\/wp-content\/uploads\/2025\/03\/paneles-2-1024x511.png 1024w, https:\/\/hostalayestaran.com\/wp-content\/uploads\/2025\/03\/paneles-2-300x150.png 300w, https:\/\/hostalayestaran.com\/wp-content\/uploads\/2025\/03\/paneles-2-768x383.png 768w, https:\/\/hostalayestaran.com\/wp-content\/uploads\/2025\/03\/paneles-2-1000x500.png 1000w, https:\/\/hostalayestaran.com\/wp-content\/uploads\/2025\/03\/paneles-2.png 1625w\" sizes=\"auto, (max-width: 1024px) 100vw, 1024px\" \/><\/div><\/div>[\/vc_column][vc_column width=\u00bb1\/2&#8243;]<div id=\"ultimate-heading-280369e492e2e95ff\" class=\"uvc-heading ult-adjust-bottom-margin ultimate-heading-280369e492e2e95ff uvc-7441 \" data-hspacer=\"no_spacer\"  data-halign=\"center\" style=\"text-align:center\"><div class=\"uvc-heading-spacer no_spacer\" style=\"top\"><\/div><div class=\"uvc-sub-heading ult-responsive\"  data-ultimate-target='.uvc-heading.ultimate-heading-280369e492e2e95ff .uvc-sub-heading '  data-responsive-json-new='{\"font-size\":\"\",\"line-height\":\"\"}'  style=\"font-weight:normal;\"><img loading=\"lazy\" decoding=\"async\" class=\"aligncenter wp-image-4389\" src=\"https:\/\/hostalayestaran.com\/wp-content\/uploads\/2025\/03\/maquina-energia-463x1024.png\" alt=\"\" width=\"268\" height=\"593\" srcset=\"https:\/\/hostalayestaran.com\/wp-content\/uploads\/2025\/03\/maquina-energia-463x1024.png 463w, https:\/\/hostalayestaran.com\/wp-content\/uploads\/2025\/03\/maquina-energia-136x300.png 136w, https:\/\/hostalayestaran.com\/wp-content\/uploads\/2025\/03\/maquina-energia-768x1698.png 768w, https:\/\/hostalayestaran.com\/wp-content\/uploads\/2025\/03\/maquina-energia.png 769w\" sizes=\"auto, (max-width: 268px) 100vw, 268px\" \/><\/div><\/div>[\/vc_column][\/vc_row][vc_row][vc_column][vc_text_separator title=\u00bb\u00bb color=\u00bbcustom\u00bb border_width=\u00bb5&#8243; accent_color=\u00bb#ffffff\u00bb]<div id=\"ultimate-heading-880269e492e2e965d\" class=\"uvc-heading ult-adjust-bottom-margin ultimate-heading-880269e492e2e965d uvc-7590 \" data-hspacer=\"no_spacer\"  data-halign=\"center\" style=\"text-align:center\"><div class=\"uvc-heading-spacer no_spacer\" style=\"top\"><\/div><div class=\"uvc-sub-heading ult-responsive\"  data-ultimate-target='.uvc-heading.ultimate-heading-880269e492e2e965d .uvc-sub-heading '  data-responsive-json-new='{\"font-size\":\"\",\"line-height\":\"\"}'  style=\"font-weight:normal;\"><\/p>\n<p class=\"western\" lang=\"es-ES\" align=\"justify\"><a name=\"_GoBack\"><\/a> <span style=\"font-family: Calibri, serif;\"><span style=\"font-size: large;\">ESTA EMPRESA HA OBTENIDO UNA SUBVENCI\u00d3N EN LA CONVOCATORIA DE SUBVENCIONES PARA RENOVACI\u00d3N DE ELECTRODOM\u00c9STICOS EN EMPRESAS TUR\u00cdSTICAS. PLAN DE RECUPERACI\u00d3N, TRANSFORMACI\u00d3N Y RESILIENCIA &#8211; FINANCIADO POR LA UNI\u00d3N EUROPEA \u2013 NEXT GENERATION EU.<\/span><\/span><\/p>\n<p><\/div><\/div>[\/vc_column][\/vc_row][vc_row][vc_column width=\u00bb1\/2&#8243;]<div class=\"aio-icon-component    style_1\"><div id=\"Info-box-wrap-2227\" class=\"aio-icon-box default-icon\" style=\"\"  ><div class=\"aio-icon-description ult-responsive\"  data-ultimate-target='#Info-box-wrap-2227 .aio-icon-description'  data-responsive-json-new='{\"font-size\":\"\",\"line-height\":\"\"}'  style=\"\"><img loading=\"lazy\" decoding=\"async\" class=\"alignleft wp-image-4322 \" src=\"https:\/\/hostalayestaran.com\/wp-content\/uploads\/2025\/02\/presu-300x193.png\" alt=\"\" width=\"331\" height=\"213\" srcset=\"https:\/\/hostalayestaran.com\/wp-content\/uploads\/2025\/02\/presu-300x193.png 300w, https:\/\/hostalayestaran.com\/wp-content\/uploads\/2025\/02\/presu-768x494.png 768w, https:\/\/hostalayestaran.com\/wp-content\/uploads\/2025\/02\/presu-1024x659.png 1024w, https:\/\/hostalayestaran.com\/wp-content\/uploads\/2025\/02\/presu.png 1189w\" sizes=\"auto, (max-width: 331px) 100vw, 331px\" \/><\/p>\n<p><\/div> <!-- description --><\/div> <!-- aio-icon-box --><\/div> <!-- aio-icon-component --><div class=\"aio-icon-component    style_1\"><div id=\"Info-box-wrap-1462\" class=\"aio-icon-box default-icon\" style=\"\"  ><div class=\"aio-icon-description ult-responsive\"  data-ultimate-target='#Info-box-wrap-1462 .aio-icon-description'  data-responsive-json-new='{\"font-size\":\"\",\"line-height\":\"\"}'  style=\"\"><img loading=\"lazy\" decoding=\"async\" class=\"wp-image-5033 alignleft\" src=\"https:\/\/hostalayestaran.com\/wp-content\/uploads\/2025\/12\/cropped-Logo-2-scaled-1-1024x187.jpg\" alt=\"\" width=\"557\" height=\"102\" srcset=\"https:\/\/hostalayestaran.com\/wp-content\/uploads\/2025\/12\/cropped-Logo-2-scaled-1-1024x187.jpg 1024w, https:\/\/hostalayestaran.com\/wp-content\/uploads\/2025\/12\/cropped-Logo-2-scaled-1-300x55.jpg 300w, https:\/\/hostalayestaran.com\/wp-content\/uploads\/2025\/12\/cropped-Logo-2-scaled-1-768x141.jpg 768w, https:\/\/hostalayestaran.com\/wp-content\/uploads\/2025\/12\/cropped-Logo-2-scaled-1.jpg 1328w\" sizes=\"auto, (max-width: 557px) 100vw, 557px\" \/><\/div> <!-- description --><\/div> <!-- aio-icon-box --><\/div> <!-- aio-icon-component -->[\/vc_column][vc_column width=\u00bb1\/2&#8243;]<div class=\"aio-icon-component    style_1\"><div id=\"Info-box-wrap-7097\" class=\"aio-icon-box default-icon\" style=\"\"  ><div class=\"aio-icon-description ult-responsive\"  data-ultimate-target='#Info-box-wrap-7097 .aio-icon-description'  data-responsive-json-new='{\"font-size\":\"\",\"line-height\":\"\"}'  style=\"\"><img loading=\"lazy\" decoding=\"async\" class=\"aligncenter wp-image-5044 size-medium\" src=\"https:\/\/hostalayestaran.com\/wp-content\/uploads\/2025\/12\/cropped-cropped-LOGO-TURISMO-002-scaled-1-300x54.jpg\" alt=\"\" width=\"300\" height=\"54\" srcset=\"https:\/\/hostalayestaran.com\/wp-content\/uploads\/2025\/12\/cropped-cropped-LOGO-TURISMO-002-scaled-1-300x54.jpg 300w, https:\/\/hostalayestaran.com\/wp-content\/uploads\/2025\/12\/cropped-cropped-LOGO-TURISMO-002-scaled-1-1024x183.jpg 1024w, https:\/\/hostalayestaran.com\/wp-content\/uploads\/2025\/12\/cropped-cropped-LOGO-TURISMO-002-scaled-1-768x137.jpg 768w, https:\/\/hostalayestaran.com\/wp-content\/uploads\/2025\/12\/cropped-cropped-LOGO-TURISMO-002-scaled-1-1536x275.jpg 1536w, https:\/\/hostalayestaran.com\/wp-content\/uploads\/2025\/12\/cropped-cropped-LOGO-TURISMO-002-scaled-1-2048x366.jpg 2048w\" sizes=\"auto, (max-width: 300px) 100vw, 300px\" \/><\/div> <!-- description --><\/div> <!-- aio-icon-box --><\/div> <!-- aio-icon-component --><div class=\"aio-icon-component    style_1\"><div id=\"Info-box-wrap-9572\" class=\"aio-icon-box default-icon\" style=\"\"  ><div class=\"aio-icon-description ult-responsive\"  data-ultimate-target='#Info-box-wrap-9572 .aio-icon-description'  data-responsive-json-new='{\"font-size\":\"\",\"line-height\":\"\"}'  style=\"\"><img loading=\"lazy\" decoding=\"async\" class=\"aligncenter wp-image-4318 \" src=\"https:\/\/hostalayestaran.com\/wp-content\/uploads\/2025\/02\/sellos-300x122.png\" alt=\"\" width=\"480\" height=\"195\" srcset=\"https:\/\/hostalayestaran.com\/wp-content\/uploads\/2025\/02\/sellos-300x122.png 300w, https:\/\/hostalayestaran.com\/wp-content\/uploads\/2025\/02\/sellos-768x311.png 768w, https:\/\/hostalayestaran.com\/wp-content\/uploads\/2025\/02\/sellos-1024x415.png 1024w, https:\/\/hostalayestaran.com\/wp-content\/uploads\/2025\/02\/sellos.png 1287w\" sizes=\"auto, (max-width: 480px) 100vw, 480px\" \/><\/div> <!-- description --><\/div> <!-- aio-icon-box --><\/div> <!-- aio-icon-component -->[\/vc_column][\/vc_row]<\/p>\n","protected":false},"excerpt":{"rendered":"<p>[vc_row][vc_column][vc_text_separator title=\u00bbEnerg\u00eda Renovable\u00bb color=\u00bbcustom\u00bb accent_color=\u00bb#7d0a0a\u00bb][vc_text_separator title=\u00bb\u00bb color=\u00bbcustom\u00bb accent_color=\u00bb#000000&#8243;][\/vc_column][\/vc_row][vc_row][vc_column width=\u00bb1\/2&#8243;][vc_text_separator title=\u00bb\u00bb color=\u00bbcustom\u00bb accent_color=\u00bb#ffffff\u00bb][\/vc_column][vc_column width=\u00bb1\/2&#8243;][\/vc_column][\/vc_row][vc_row][vc_column][vc_text_separator [&hellip;]<\/p>\n","protected":false},"author":1,"featured_media":0,"parent":0,"menu_order":0,"comment_status":"closed","ping_status":"closed","template":"","meta":{"_exactmetrics_skip_tracking":false,"_exactmetrics_sitenote_active":false,"_exactmetrics_sitenote_note":"","_exactmetrics_sitenote_category":0,"footnotes":""},"class_list":["post-4416","page","type-page","status-publish","hentry"],"yoast_head":"<!-- This site is optimized with the Yoast SEO plugin v26.9 - https:\/\/yoast.com\/product\/yoast-seo-wordpress\/ -->\r\n<title>Actualidad - Hotel Ayestar\u00e1n<\/title>\r\n<meta name=\"robots\" content=\"index, follow, max-snippet:-1, max-image-preview:large, max-video-preview:-1\" \/>\r\n<link rel=\"canonical\" href=\"https:\/\/hostalayestaran.com\/es\/actualidad\/\" \/>\r\n<meta property=\"og:locale\" content=\"es_ES\" \/>\r\n<meta property=\"og:type\" content=\"article\" \/>\r\n<meta property=\"og:title\" content=\"Actualidad - Hotel Ayestar\u00e1n\" \/>\r\n<meta property=\"og:description\" content=\"[vc_row][vc_column][vc_text_separator title=\u00bbEnerg\u00eda Renovable\u00bb color=\u00bbcustom\u00bb accent_color=\u00bb#7d0a0a\u00bb][vc_text_separator title=\u00bb\u00bb color=\u00bbcustom\u00bb accent_color=\u00bb#000000&#8243;][\/vc_column][\/vc_row][vc_row][vc_column width=\u00bb1\/2&#8243;][vc_text_separator title=\u00bb\u00bb color=\u00bbcustom\u00bb accent_color=\u00bb#ffffff\u00bb][\/vc_column][vc_column width=\u00bb1\/2&#8243;][\/vc_column][\/vc_row][vc_row][vc_column][vc_text_separator [&hellip;]\" \/>\r\n<meta property=\"og:url\" content=\"https:\/\/hostalayestaran.com\/es\/actualidad\/\" \/>\r\n<meta property=\"og:site_name\" content=\"Hotel Ayestar\u00e1n\" \/>\r\n<meta property=\"article:modified_time\" content=\"2026-02-13T10:02:20+00:00\" \/>\r\n<meta property=\"og:image\" content=\"https:\/\/hostalayestaran.com\/wp-content\/uploads\/2025\/03\/paneles-solares--1024x511.png\" \/>\r\n\t<meta property=\"og:image:width\" content=\"1024\" \/>\r\n\t<meta property=\"og:image:height\" content=\"511\" \/>\r\n\t<meta property=\"og:image:type\" content=\"image\/png\" \/>\r\n<meta name=\"twitter:card\" content=\"summary_large_image\" \/>\r\n<meta name=\"twitter:label1\" content=\"Tiempo de lectura\" \/>\n\t<meta name=\"twitter:data1\" content=\"3 minutos\" \/>\r\n<script type=\"application\/ld+json\" class=\"yoast-schema-graph\">{\"@context\":\"https:\/\/schema.org\",\"@graph\":[{\"@type\":\"WebPage\",\"@id\":\"https:\/\/hostalayestaran.com\/es\/actualidad\/\",\"url\":\"https:\/\/hostalayestaran.com\/es\/actualidad\/\",\"name\":\"Actualidad - Hotel Ayestar\u00e1n\",\"isPartOf\":{\"@id\":\"https:\/\/hostalayestaran.com\/es\/#website\"},\"primaryImageOfPage\":{\"@id\":\"https:\/\/hostalayestaran.com\/es\/actualidad\/#primaryimage\"},\"image\":{\"@id\":\"https:\/\/hostalayestaran.com\/es\/actualidad\/#primaryimage\"},\"thumbnailUrl\":\"https:\/\/hostalayestaran.com\/wp-content\/uploads\/2025\/03\/paneles-solares--1024x511.png\",\"datePublished\":\"2025-03-03T11:31:50+00:00\",\"dateModified\":\"2026-02-13T10:02:20+00:00\",\"breadcrumb\":{\"@id\":\"https:\/\/hostalayestaran.com\/es\/actualidad\/#breadcrumb\"},\"inLanguage\":\"es\",\"potentialAction\":[{\"@type\":\"ReadAction\",\"target\":[\"https:\/\/hostalayestaran.com\/es\/actualidad\/\"]}]},{\"@type\":\"ImageObject\",\"inLanguage\":\"es\",\"@id\":\"https:\/\/hostalayestaran.com\/es\/actualidad\/#primaryimage\",\"url\":\"https:\/\/hostalayestaran.com\/wp-content\/uploads\/2025\/03\/paneles-solares--1024x511.png\",\"contentUrl\":\"https:\/\/hostalayestaran.com\/wp-content\/uploads\/2025\/03\/paneles-solares--1024x511.png\"},{\"@type\":\"BreadcrumbList\",\"@id\":\"https:\/\/hostalayestaran.com\/es\/actualidad\/#breadcrumb\",\"itemListElement\":[{\"@type\":\"ListItem\",\"position\":1,\"name\":\"Portada\",\"item\":\"https:\/\/hostalayestaran.com\/es\/\"},{\"@type\":\"ListItem\",\"position\":2,\"name\":\"Actualidad\"}]},{\"@type\":\"WebSite\",\"@id\":\"https:\/\/hostalayestaran.com\/es\/#website\",\"url\":\"https:\/\/hostalayestaran.com\/es\/\",\"name\":\"Hotel Ayestar\u00e1n\",\"description\":\"Hotel y Restaurante en Lekunberri, Navarra\",\"publisher\":{\"@id\":\"https:\/\/hostalayestaran.com\/es\/#organization\"},\"potentialAction\":[{\"@type\":\"SearchAction\",\"target\":{\"@type\":\"EntryPoint\",\"urlTemplate\":\"https:\/\/hostalayestaran.com\/es\/?s={search_term_string}\"},\"query-input\":{\"@type\":\"PropertyValueSpecification\",\"valueRequired\":true,\"valueName\":\"search_term_string\"}}],\"inLanguage\":\"es\"},{\"@type\":\"Organization\",\"@id\":\"https:\/\/hostalayestaran.com\/es\/#organization\",\"name\":\"Hotel-Hostal Rural Ayestar\u00e1n en Lekunberri, Navarra\",\"url\":\"https:\/\/hostalayestaran.com\/es\/\",\"logo\":{\"@type\":\"ImageObject\",\"inLanguage\":\"es\",\"@id\":\"https:\/\/hostalayestaran.com\/es\/#\/schema\/logo\/image\/\",\"url\":\"https:\/\/hostalayestaran.com\/wp-content\/uploads\/2019\/09\/logotipo-hotel-ayestaran-200x133.png\",\"contentUrl\":\"https:\/\/hostalayestaran.com\/wp-content\/uploads\/2019\/09\/logotipo-hotel-ayestaran-200x133.png\",\"width\":200,\"height\":133,\"caption\":\"Hotel-Hostal Rural Ayestar\u00e1n en Lekunberri, Navarra\"},\"image\":{\"@id\":\"https:\/\/hostalayestaran.com\/es\/#\/schema\/logo\/image\/\"}}]}<\/script>\r\n<!-- \/ Yoast SEO plugin. -->","yoast_head_json":{"title":"Actualidad - Hotel Ayestar\u00e1n","robots":{"index":"index","follow":"follow","max-snippet":"max-snippet:-1","max-image-preview":"max-image-preview:large","max-video-preview":"max-video-preview:-1"},"canonical":"https:\/\/hostalayestaran.com\/es\/actualidad\/","og_locale":"es_ES","og_type":"article","og_title":"Actualidad - Hotel Ayestar\u00e1n","og_description":"[vc_row][vc_column][vc_text_separator title=\u00bbEnerg\u00eda Renovable\u00bb color=\u00bbcustom\u00bb accent_color=\u00bb#7d0a0a\u00bb][vc_text_separator title=\u00bb\u00bb color=\u00bbcustom\u00bb accent_color=\u00bb#000000&#8243;][\/vc_column][\/vc_row][vc_row][vc_column width=\u00bb1\/2&#8243;][vc_text_separator title=\u00bb\u00bb color=\u00bbcustom\u00bb accent_color=\u00bb#ffffff\u00bb][\/vc_column][vc_column width=\u00bb1\/2&#8243;][\/vc_column][\/vc_row][vc_row][vc_column][vc_text_separator [&hellip;]","og_url":"https:\/\/hostalayestaran.com\/es\/actualidad\/","og_site_name":"Hotel Ayestar\u00e1n","article_modified_time":"2026-02-13T10:02:20+00:00","og_image":[{"width":1024,"height":511,"url":"https:\/\/hostalayestaran.com\/wp-content\/uploads\/2025\/03\/paneles-solares--1024x511.png","type":"image\/png"}],"twitter_card":"summary_large_image","twitter_misc":{"Tiempo de lectura":"3 minutos"},"schema":{"@context":"https:\/\/schema.org","@graph":[{"@type":"WebPage","@id":"https:\/\/hostalayestaran.com\/es\/actualidad\/","url":"https:\/\/hostalayestaran.com\/es\/actualidad\/","name":"Actualidad - Hotel Ayestar\u00e1n","isPartOf":{"@id":"https:\/\/hostalayestaran.com\/es\/#website"},"primaryImageOfPage":{"@id":"https:\/\/hostalayestaran.com\/es\/actualidad\/#primaryimage"},"image":{"@id":"https:\/\/hostalayestaran.com\/es\/actualidad\/#primaryimage"},"thumbnailUrl":"https:\/\/hostalayestaran.com\/wp-content\/uploads\/2025\/03\/paneles-solares--1024x511.png","datePublished":"2025-03-03T11:31:50+00:00","dateModified":"2026-02-13T10:02:20+00:00","breadcrumb":{"@id":"https:\/\/hostalayestaran.com\/es\/actualidad\/#breadcrumb"},"inLanguage":"es","potentialAction":[{"@type":"ReadAction","target":["https:\/\/hostalayestaran.com\/es\/actualidad\/"]}]},{"@type":"ImageObject","inLanguage":"es","@id":"https:\/\/hostalayestaran.com\/es\/actualidad\/#primaryimage","url":"https:\/\/hostalayestaran.com\/wp-content\/uploads\/2025\/03\/paneles-solares--1024x511.png","contentUrl":"https:\/\/hostalayestaran.com\/wp-content\/uploads\/2025\/03\/paneles-solares--1024x511.png"},{"@type":"BreadcrumbList","@id":"https:\/\/hostalayestaran.com\/es\/actualidad\/#breadcrumb","itemListElement":[{"@type":"ListItem","position":1,"name":"Portada","item":"https:\/\/hostalayestaran.com\/es\/"},{"@type":"ListItem","position":2,"name":"Actualidad"}]},{"@type":"WebSite","@id":"https:\/\/hostalayestaran.com\/es\/#website","url":"https:\/\/hostalayestaran.com\/es\/","name":"Hotel Ayestar\u00e1n","description":"Hotel y Restaurante en Lekunberri, Navarra","publisher":{"@id":"https:\/\/hostalayestaran.com\/es\/#organization"},"potentialAction":[{"@type":"SearchAction","target":{"@type":"EntryPoint","urlTemplate":"https:\/\/hostalayestaran.com\/es\/?s={search_term_string}"},"query-input":{"@type":"PropertyValueSpecification","valueRequired":true,"valueName":"search_term_string"}}],"inLanguage":"es"},{"@type":"Organization","@id":"https:\/\/hostalayestaran.com\/es\/#organization","name":"Hotel-Hostal Rural Ayestar\u00e1n en Lekunberri, Navarra","url":"https:\/\/hostalayestaran.com\/es\/","logo":{"@type":"ImageObject","inLanguage":"es","@id":"https:\/\/hostalayestaran.com\/es\/#\/schema\/logo\/image\/","url":"https:\/\/hostalayestaran.com\/wp-content\/uploads\/2019\/09\/logotipo-hotel-ayestaran-200x133.png","contentUrl":"https:\/\/hostalayestaran.com\/wp-content\/uploads\/2019\/09\/logotipo-hotel-ayestaran-200x133.png","width":200,"height":133,"caption":"Hotel-Hostal Rural Ayestar\u00e1n en Lekunberri, Navarra"},"image":{"@id":"https:\/\/hostalayestaran.com\/es\/#\/schema\/logo\/image\/"}}]}},"_links":{"self":[{"href":"https:\/\/hostalayestaran.com\/es\/wp-json\/wp\/v2\/pages\/4416","targetHints":{"allow":["GET"]}}],"collection":[{"href":"https:\/\/hostalayestaran.com\/es\/wp-json\/wp\/v2\/pages"}],"about":[{"href":"https:\/\/hostalayestaran.com\/es\/wp-json\/wp\/v2\/types\/page"}],"author":[{"embeddable":true,"href":"https:\/\/hostalayestaran.com\/es\/wp-json\/wp\/v2\/users\/1"}],"replies":[{"embeddable":true,"href":"https:\/\/hostalayestaran.com\/es\/wp-json\/wp\/v2\/comments?post=4416"}],"version-history":[{"count":30,"href":"https:\/\/hostalayestaran.com\/es\/wp-json\/wp\/v2\/pages\/4416\/revisions"}],"predecessor-version":[{"id":5119,"href":"https:\/\/hostalayestaran.com\/es\/wp-json\/wp\/v2\/pages\/4416\/revisions\/5119"}],"wp:attachment":[{"href":"https:\/\/hostalayestaran.com\/es\/wp-json\/wp\/v2\/media?parent=4416"}],"curies":[{"name":"wp","href":"https:\/\/api.w.org\/{rel}","templated":true}]}}