{"id":2154,"date":"2019-09-18T11:13:29","date_gmt":"2019-09-18T09:13:29","guid":{"rendered":"http:\/\/hostalayestaran.com\/?page_id=2154"},"modified":"2026-03-20T12:42:24","modified_gmt":"2026-03-20T11:42:24","slug":"hotel","status":"publish","type":"page","link":"https:\/\/hostalayestaran.com\/es\/hotel\/","title":{"rendered":"Hotel Ayestar\u00e1n"},"content":{"rendered":"<p>[vc_row][vc_column]<div class=\"ult-spacer spacer-69f86397e79cc\" data-id=\"69f86397e79cc\" data-height=\"0\" data-height-mobile=\"50\" data-height-tab=\"0\" data-height-tab-portrait=\"50\" data-height-mobile-landscape=\"50\" style=\"clear:both;display:block;\"><\/div><div id=\"ultimate-heading-267569f86397e7f47\" class=\"uvc-heading ult-adjust-bottom-margin ultimate-heading-267569f86397e7f47 uvc-9286 \" data-hspacer=\"line_with_icon\" data-hline_width=\"auto\" data-hicon_type=\"selector\" data-hborder_style=\"solid\" data-hborder_height=\"1\" data-hborder_color=\"#000000\" data-icon_width=\"25\" data-hfixer=\"10\"  data-halign=\"center\" style=\"text-align:center\"><div class=\"uvc-main-heading ult-responsive\"  data-ultimate-target='.uvc-heading.ultimate-heading-267569f86397e7f47 h2'  data-responsive-json-new='{\"font-size\":\"desktop:24px;\",\"line-height\":\"\"}' ><h2 style=\"font-family:&#039;Ubuntu&#039;;font-weight:normal;color:#000000;\">UN HOTEL CON HISTORIA<\/h2><\/div><div class=\"uvc-heading-spacer line_with_icon\" style=\"margin-top:15PX;height:25px;\"><div class=\"ult-just-icon-wrapper  \"><div class=\"align-icon\" style=\"text-align:center;\">\n<div class=\"aio-icon none \"  style=\"color:#000000;font-size:25px;display:inline-block;\">\n\t<i class=\"linearicons-city\"><\/i>\n<\/div><\/div><\/div><\/div><\/div><div class=\"ult-spacer spacer-69f86397e8016\" data-id=\"69f86397e8016\" data-height=\"25\" data-height-mobile=\"25\" data-height-tab=\"25\" data-height-tab-portrait=\"25\" data-height-mobile-landscape=\"25\" style=\"clear:both;display:block;\"><\/div>[vc_column_text]<span style=\"font-weight: 400;\">M\u00e1s de 100 a\u00f1os de historia nos avalan como refugio y tradici\u00f3n en el coraz\u00f3n de Lekunberri, a los pies de la Sierra de Aralar. En el Hotel Ayestar\u00e1n, combinamos la calidez de un alojamiento familiar con el encanto de un entorno natural incomparable.<\/span><\/p>\n<p><span style=\"font-weight: 400;\">Destino Cicloturista ideal: Con una parada en la V\u00eda Verde del Plazaola, somos un lugar perfecto para los amantes del ciclismo. Contamos con un garaje para m\u00e1s de 80 bicicletas, asegurando comodidad y seguridad para tu aventura sobre ruedas.\u00a0<\/span><\/p>\n<p><span style=\"font-weight: 400;\">Rel\u00e1jate y desconecta: En verano, disfruta de nuestros amplios jardines y piscina exterior, adem\u00e1s de la pista de tenis, perfecto para combinar deporte y descanso en plena naturaleza<\/span><\/p>\n<p>Un establecimiento familiar y tranquilo donde disfrutar y desconectar del estr\u00e9s cotidiano. El Hotel est\u00e1 divido en dos edificios independientes, situados a ambos lados de la <span style=\"color: #000000;\"><strong>carretera principal de la localidad de Lekunberri<\/strong><\/span>.<\/p>\n<p>El hotel dispone de bar, wifi gratuito, restaurante y muchos m\u00e1s servicios pensados para garantizar una estancia c\u00f3moda y agradable. Adem\u00e1s, algunas instalaciones como la pista de tenis y la piscina est\u00e1n disponibles \u00fanicamente durante los meses de <strong>julio y agosto<\/strong>. Nuestro equipo estar\u00e1 encantado de ayudarte a disfrutar al m\u00e1ximo de todas nuestras instalaciones.[\/vc_column_text]<div class=\"ult-spacer spacer-69f86397e806f\" data-id=\"69f86397e806f\" data-height=\"13\" data-height-mobile=\"13\" data-height-tab=\"13\" data-height-tab-portrait=\"\" data-height-mobile-landscape=\"\" style=\"clear:both;display:block;\"><\/div>[vc_media_grid initial_loading_animation=\u00bbbounceIn\u00bb grid_id=\u00bbvc_gid:1774038110645-92b7a167-01f4-0&#8243; include=\u00bb5180,5136,5152&#8243;]<div class=\"ult-spacer spacer-69f86397e80c8\" data-id=\"69f86397e80c8\" data-height=\"50\" data-height-mobile=\"50\" data-height-tab=\"50\" data-height-tab-portrait=\"50\" data-height-mobile-landscape=\"50\" style=\"clear:both;display:block;\"><\/div><div id=\"ultimate-heading-459369f86397e8254\" class=\"uvc-heading ult-adjust-bottom-margin ultimate-heading-459369f86397e8254 uvc-7368 \" data-hspacer=\"line_with_icon\" data-hline_width=\"auto\" data-hicon_type=\"selector\" data-hborder_style=\"solid\" data-hborder_height=\"1\" data-hborder_color=\"#000000\" data-icon_width=\"25\" data-hfixer=\"10\"  data-halign=\"center\" style=\"text-align:center\"><div class=\"uvc-main-heading ult-responsive\"  data-ultimate-target='.uvc-heading.ultimate-heading-459369f86397e8254 h2'  data-responsive-json-new='{\"font-size\":\"desktop:24px;\",\"line-height\":\"\"}' ><h2 style=\"font-family:&#039;Ubuntu&#039;;font-weight:normal;color:#000000;\">PRIMER EDIFICIO: EL ORIGEN<\/h2><\/div><div class=\"uvc-heading-spacer line_with_icon\" style=\"margin-top:15PX;height:25px;\"><div class=\"ult-just-icon-wrapper  \"><div class=\"align-icon\" style=\"text-align:center;\">\n<div class=\"aio-icon none \"  style=\"color:#000000;font-size:25px;display:inline-block;\">\n\t<i class=\"linearicons-city\"><\/i>\n<\/div><\/div><\/div><\/div><\/div><div class=\"ult-spacer spacer-69f86397e82f9\" data-id=\"69f86397e82f9\" data-height=\"13\" data-height-mobile=\"13\" data-height-tab=\"13\" data-height-tab-portrait=\"\" data-height-mobile-landscape=\"\" style=\"clear:both;display:block;\"><\/div>[vc_column_text]<\/p>\n<p class=\"cvGsUA direction-ltr align-center para-style-body\"><span class=\"a_GcMg font-feature-liga-off font-feature-clig-off font-feature-calt-off text-decoration-none text-strikethrough-none\">Todo comenz\u00f3 con el primer edificio, el coraz\u00f3n del hotel. Un espacio creado para ofrecer descanso, calma y una experiencia acogedora en un entorno especial. Durante a\u00f1os, este edificio fue testigo de historias, encuentros y momentos \u00fanicos que dieron vida al esp\u00edritu del hotel.<\/span><\/p>\n<p class=\"cvGsUA direction-ltr align-center para-style-body\"><span class=\"a_GcMg font-feature-liga-off font-feature-clig-off font-feature-calt-off text-decoration-none text-strikethrough-none\">Pero con el tiempo, y el deseo de seguir creciendo sin perder su esencia, surgi\u00f3 una nueva necesidad\u2026 especialmente cuando lleg\u00f3 el fr\u00edo.<\/span><\/p>\n<p>[\/vc_column_text]<div class=\"ult-spacer spacer-69f86397e834d\" data-id=\"69f86397e834d\" data-height=\"13\" data-height-mobile=\"13\" data-height-tab=\"13\" data-height-tab-portrait=\"\" data-height-mobile-landscape=\"\" style=\"clear:both;display:block;\"><\/div>[vc_media_grid element_width=\u00bb3&#8243; gap=\u00bb15&#8243; initial_loading_animation=\u00bbbounceIn\u00bb grid_id=\u00bbvc_gid:1774038110645-fe1999f9-2eba-2&#8243; include=\u00bb5156,5148,5160,5237,5265,5289,5245,5269&#8243;]<div class=\"ult-spacer spacer-69f86397e839e\" data-id=\"69f86397e839e\" data-height=\"25\" data-height-mobile=\"25\" data-height-tab=\"25\" data-height-tab-portrait=\"25\" data-height-mobile-landscape=\"25\" style=\"clear:both;display:block;\"><\/div><div id=\"ultimate-heading-331969f86397e851a\" class=\"uvc-heading ult-adjust-bottom-margin ultimate-heading-331969f86397e851a uvc-1749 \" data-hspacer=\"line_with_icon\" data-hline_width=\"auto\" data-hicon_type=\"selector\" data-hborder_style=\"solid\" data-hborder_height=\"1\" data-hborder_color=\"#000000\" data-icon_width=\"25\" data-hfixer=\"10\"  data-halign=\"center\" style=\"text-align:center\"><div class=\"uvc-main-heading ult-responsive\"  data-ultimate-target='.uvc-heading.ultimate-heading-331969f86397e851a h2'  data-responsive-json-new='{\"font-size\":\"desktop:24px;\",\"line-height\":\"\"}' ><h2 style=\"font-family:&#039;Ubuntu&#039;;font-weight:normal;color:#000000;\">SEGUNDO EDIFICIO: LA EVOLUCI\u00d3N<\/h2><\/div><div class=\"uvc-heading-spacer line_with_icon\" style=\"margin-top:15PX;height:25px;\"><div class=\"ult-just-icon-wrapper  \"><div class=\"align-icon\" style=\"text-align:center;\">\n<div class=\"aio-icon none \"  style=\"color:#000000;font-size:25px;display:inline-block;\">\n\t<i class=\"linearicons-city\"><\/i>\n<\/div><\/div><\/div><\/div><\/div><div class=\"ult-spacer spacer-69f86397e8594\" data-id=\"69f86397e8594\" data-height=\"13\" data-height-mobile=\"13\" data-height-tab=\"13\" data-height-tab-portrait=\"\" data-height-mobile-landscape=\"\" style=\"clear:both;display:block;\"><\/div>[vc_column_text]<\/p>\n<p class=\"cvGsUA direction-ltr align-center para-style-body\"><span class=\"a_GcMg font-feature-liga-off font-feature-clig-off font-feature-calt-off text-decoration-none text-strikethrough-none\">Fue entonces, en pleno invierno, cuando naci\u00f3 el segundo edificio. Dise\u00f1ado cuidadosamente para adaptarse a las bajas temperaturas, se construy\u00f3 con el objetivo de calentarse de forma m\u00e1s r\u00e1pida y eficiente, ofreciendo el m\u00e1ximo confort incluso en los d\u00edas m\u00e1s fr\u00edos.<\/span><\/p>\n<p class=\"cvGsUA direction-ltr align-center para-style-body\"><span class=\"a_GcMg font-feature-liga-off font-feature-clig-off font-feature-calt-off text-decoration-none text-strikethrough-none\">Este nuevo espacio no solo ampli\u00f3 el hotel, sino que aport\u00f3 una nueva forma de vivir la estancia, complementando al edificio original y manteniendo viva su historia.<\/span><\/p>\n<p>[\/vc_column_text]<div class=\"ult-spacer spacer-69f86397e85e6\" data-id=\"69f86397e85e6\" data-height=\"25\" data-height-mobile=\"25\" data-height-tab=\"25\" data-height-tab-portrait=\"25\" data-height-mobile-landscape=\"25\" style=\"clear:both;display:block;\"><\/div>[vc_media_grid element_width=\u00bb3&#8243; gap=\u00bb15&#8243; initial_loading_animation=\u00bbbounceIn\u00bb grid_id=\u00bbvc_gid:1774038110645-9511b1de-08ef-6&#8243; include=\u00bb5197,5140,5188,5333,5373,5381,5361,5309&#8243;][\/vc_column][\/vc_row][vc_row][vc_column]<div class=\"ult-spacer spacer-69f86397e8654\" data-id=\"69f86397e8654\" data-height=\"50\" data-height-mobile=\"50\" data-height-tab=\"50\" data-height-tab-portrait=\"50\" data-height-mobile-landscape=\"50\" style=\"clear:both;display:block;\"><\/div><div id=\"ultimate-heading-425169f86397e87cb\" class=\"uvc-heading ult-adjust-bottom-margin ultimate-heading-425169f86397e87cb uvc-7470 \" data-hspacer=\"line_with_icon\" data-hline_width=\"auto\" data-hicon_type=\"selector\" data-hborder_style=\"solid\" data-hborder_height=\"1\" data-hborder_color=\"#000000\" data-icon_width=\"25\" data-hfixer=\"10\"  data-halign=\"center\" style=\"text-align:center\"><div class=\"uvc-main-heading ult-responsive\"  data-ultimate-target='.uvc-heading.ultimate-heading-425169f86397e87cb h2'  data-responsive-json-new='{\"font-size\":\"desktop:24px;\",\"line-height\":\"\"}' ><h2 style=\"font-family:&#039;Ubuntu&#039;;font-weight:normal;color:#000000;\">SERVICIO DE GUARDABICIS EN EL HOTEL<\/h2><\/div><div class=\"uvc-heading-spacer line_with_icon\" style=\"margin-top:15PX;height:25px;\"><div class=\"ult-just-icon-wrapper  \"><div class=\"align-icon\" style=\"text-align:center;\">\n<div class=\"aio-icon none \"  style=\"color:#000000;font-size:25px;display:inline-block;\">\n\t<i class=\"Defaults-bicycle\"><\/i>\n<\/div><\/div><\/div><\/div><\/div><div class=\"ult-spacer spacer-69f86397e8853\" data-id=\"69f86397e8853\" data-height=\"25\" data-height-mobile=\"25\" data-height-tab=\"25\" data-height-tab-portrait=\"25\" data-height-mobile-landscape=\"25\" style=\"clear:both;display:block;\"><\/div>[vc_column_text]<\/p>\n<p style=\"text-align: center;\">En nuestro hotel dispones de dos garajes para bicicletas. Tambi\u00e9n ofrecemos repuestos y herramientas en <strong>pr\u00e9stamo<\/strong> para que puedas continuar tu ruta sin problemas. Y si necesitas limpiarla, tienes a tu disposici\u00f3n una manguera para hacerlo c\u00f3modamente<\/p>\n<p>[\/vc_column_text]<div class=\"ult-spacer spacer-69f86397e88a7\" data-id=\"69f86397e88a7\" data-height=\"25\" data-height-mobile=\"25\" data-height-tab=\"25\" data-height-tab-portrait=\"25\" data-height-mobile-landscape=\"25\" style=\"clear:both;display:block;\"><\/div>[vc_media_grid gap=\u00bb15&#8243; initial_loading_animation=\u00bbshake\u00bb grid_id=\u00bbvc_gid:1774038110645-c39dbc44-9e16-5&#8243; include=\u00bb4979,5192,4128,4890,4886,4882&#8243;][\/vc_column][\/vc_row][vc_row][vc_column][vc_tta_accordion active_section=\u00bb1&#8243; title=\u00bbPreguntas frecuentes\u00bb][vc_tta_section title=\u00bb\u00bffechas y horarios de la piscina?\u00bb tab_id=\u00bb1773951707094-0c239fa3-f3a1&#8243;][vc_column_text]Horario de la piscina: de 10:30hr a 14:30hr y de 15hr a 19:30 h. Disponible \u00fanicamente durante los meses de <strong>JULIO<\/strong> y <strong>AGOSTO<\/strong>.[\/vc_column_text][\/vc_tta_section][vc_tta_section title=\u00bb\u00bfPrecios de las cunas?\u00bb tab_id=\u00bb1773949690219-873d489c-a236&#8243;][vc_column_text]El precio por cuna es de 12\u20ac.[\/vc_column_text][\/vc_tta_section][vc_tta_section title=\u00bb\u00bfPrecio del desayuno?\u00bb tab_id=\u00bb1773949690228-7f6ce2cb-1113&#8243;][vc_column_text]El precio del desayuno por persona es de 8,50\u20ac.[\/vc_column_text][\/vc_tta_section][vc_tta_section title=\u00bb\u00bfQu\u00e9 incluye la pensi\u00f3n completa y la media pensi\u00f3n?\u00bb tab_id=\u00bb1773951775240-b6891e78-15ed\u00bb][vc_column_text]La pensi\u00f3n completa incluye las tres comida desayuno, comida y cena (NO BUFFET)<\/p>\n<p>La media pensi\u00f3n incluye dos comidas desayuno, comida <strong>o<\/strong> cena (NO BUFFET)[\/vc_column_text][\/vc_tta_section][vc_tta_section title=\u00bb\u00bfEl servicio de guardabicis es pago?\u00bb tab_id=\u00bb1773951997692-53b5dcad-68b1&#8243;][vc_column_text]No, nuestro servicio de guardabicis es totalmente gratuito para clientes.[\/vc_column_text][\/vc_tta_section][vc_tta_section title=\u00bb\u00bfHorarios de check in &#8211; check out?\u00bb tab_id=\u00bb1773952082860-1fe52295-0f11&#8243;][vc_column_text]Puedes hacer el check-in de 14:00 a 18:00 <strong>(del 15 de octubre al 15 de junio)\u00a0<\/strong>(excepto viernes y s\u00e1bado) y partir del <strong>16 de Junio<\/strong> hasta las 20hr.<\/p>\n<p><br data-start=\"565\" data-end=\"568\" \/>El check out es antes de las 12:00hr.[\/vc_column_text][\/vc_tta_section][vc_tta_section title=\u00bb\u00bfEn Agosto hay un m\u00ednimo de noches?\u00bb tab_id=\u00bb1773952413757-334d20fd-ea06&#8243;][vc_column_text]S\u00ed, el minimo son 2 noches en el mes de AGOSTO.[\/vc_column_text][\/vc_tta_section][vc_tta_section title=\u00bb\u00bfEl parking exterior es pago?\u00bb tab_id=\u00bb1774039308578-629222cb-890a\u00bb][vc_column_text]Nuestro parking exterior es gratuito para clientes.[\/vc_column_text][\/vc_tta_section][\/vc_tta_accordion][\/vc_column][\/vc_row]<\/p>\n","protected":false},"excerpt":{"rendered":"<p>[vc_row][vc_column][vc_column_text]M\u00e1s de 100 a\u00f1os de historia nos avalan como refugio y tradici\u00f3n en [&hellip;]<\/p>\n","protected":false},"author":1,"featured_media":0,"parent":0,"menu_order":0,"comment_status":"closed","ping_status":"closed","template":"","meta":{"_exactmetrics_skip_tracking":false,"_exactmetrics_sitenote_active":false,"_exactmetrics_sitenote_note":"","_exactmetrics_sitenote_category":0,"footnotes":""},"class_list":["post-2154","page","type-page","status-publish","hentry"],"yoast_head":"<!-- This site is optimized with the Yoast SEO plugin v26.9 - https:\/\/yoast.com\/product\/yoast-seo-wordpress\/ -->\r\n<title>Hotel Ayestar\u00e1n - Hotel Ayestar\u00e1n<\/title>\r\n<meta name=\"robots\" content=\"index, follow, max-snippet:-1, max-image-preview:large, max-video-preview:-1\" \/>\r\n<link rel=\"canonical\" href=\"https:\/\/hostalayestaran.com\/es\/hotel\/\" \/>\r\n<meta property=\"og:locale\" content=\"es_ES\" \/>\r\n<meta property=\"og:type\" content=\"article\" \/>\r\n<meta property=\"og:title\" content=\"Hotel Ayestar\u00e1n - Hotel Ayestar\u00e1n\" \/>\r\n<meta property=\"og:description\" content=\"[vc_row][vc_column][vc_column_text]M\u00e1s de 100 a\u00f1os de historia nos avalan como refugio y tradici\u00f3n en [&hellip;]\" \/>\r\n<meta property=\"og:url\" content=\"https:\/\/hostalayestaran.com\/es\/hotel\/\" \/>\r\n<meta property=\"og:site_name\" content=\"Hotel Ayestar\u00e1n\" \/>\r\n<meta property=\"article:modified_time\" content=\"2026-03-20T11:42:24+00:00\" \/>\r\n<meta name=\"twitter:card\" content=\"summary_large_image\" \/>\r\n<meta name=\"twitter:label1\" content=\"Tiempo de lectura\" \/>\n\t<meta name=\"twitter:data1\" content=\"4 minutos\" \/>\r\n<script type=\"application\/ld+json\" class=\"yoast-schema-graph\">{\"@context\":\"https:\/\/schema.org\",\"@graph\":[{\"@type\":\"WebPage\",\"@id\":\"https:\/\/hostalayestaran.com\/es\/hotel\/\",\"url\":\"https:\/\/hostalayestaran.com\/es\/hotel\/\",\"name\":\"Hotel Ayestar\u00e1n - Hotel Ayestar\u00e1n\",\"isPartOf\":{\"@id\":\"https:\/\/hostalayestaran.com\/es\/#website\"},\"datePublished\":\"2019-09-18T09:13:29+00:00\",\"dateModified\":\"2026-03-20T11:42:24+00:00\",\"breadcrumb\":{\"@id\":\"https:\/\/hostalayestaran.com\/es\/hotel\/#breadcrumb\"},\"inLanguage\":\"es\",\"potentialAction\":[{\"@type\":\"ReadAction\",\"target\":[\"https:\/\/hostalayestaran.com\/es\/hotel\/\"]}]},{\"@type\":\"BreadcrumbList\",\"@id\":\"https:\/\/hostalayestaran.com\/es\/hotel\/#breadcrumb\",\"itemListElement\":[{\"@type\":\"ListItem\",\"position\":1,\"name\":\"Portada\",\"item\":\"https:\/\/hostalayestaran.com\/es\/\"},{\"@type\":\"ListItem\",\"position\":2,\"name\":\"Hotel Ayestar\u00e1n\"}]},{\"@type\":\"WebSite\",\"@id\":\"https:\/\/hostalayestaran.com\/es\/#website\",\"url\":\"https:\/\/hostalayestaran.com\/es\/\",\"name\":\"Hotel Ayestar\u00e1n\",\"description\":\"Hotel y Restaurante en Lekunberri, Navarra\",\"publisher\":{\"@id\":\"https:\/\/hostalayestaran.com\/es\/#organization\"},\"potentialAction\":[{\"@type\":\"SearchAction\",\"target\":{\"@type\":\"EntryPoint\",\"urlTemplate\":\"https:\/\/hostalayestaran.com\/es\/?s={search_term_string}\"},\"query-input\":{\"@type\":\"PropertyValueSpecification\",\"valueRequired\":true,\"valueName\":\"search_term_string\"}}],\"inLanguage\":\"es\"},{\"@type\":\"Organization\",\"@id\":\"https:\/\/hostalayestaran.com\/es\/#organization\",\"name\":\"Hotel-Hostal Rural Ayestar\u00e1n en Lekunberri, Navarra\",\"url\":\"https:\/\/hostalayestaran.com\/es\/\",\"logo\":{\"@type\":\"ImageObject\",\"inLanguage\":\"es\",\"@id\":\"https:\/\/hostalayestaran.com\/es\/#\/schema\/logo\/image\/\",\"url\":\"https:\/\/hostalayestaran.com\/wp-content\/uploads\/2019\/09\/logotipo-hotel-ayestaran-200x133.png\",\"contentUrl\":\"https:\/\/hostalayestaran.com\/wp-content\/uploads\/2019\/09\/logotipo-hotel-ayestaran-200x133.png\",\"width\":200,\"height\":133,\"caption\":\"Hotel-Hostal Rural Ayestar\u00e1n en Lekunberri, Navarra\"},\"image\":{\"@id\":\"https:\/\/hostalayestaran.com\/es\/#\/schema\/logo\/image\/\"}}]}<\/script>\r\n<!-- \/ Yoast SEO plugin. -->","yoast_head_json":{"title":"Hotel Ayestar\u00e1n - Hotel Ayestar\u00e1n","robots":{"index":"index","follow":"follow","max-snippet":"max-snippet:-1","max-image-preview":"max-image-preview:large","max-video-preview":"max-video-preview:-1"},"canonical":"https:\/\/hostalayestaran.com\/es\/hotel\/","og_locale":"es_ES","og_type":"article","og_title":"Hotel Ayestar\u00e1n - Hotel Ayestar\u00e1n","og_description":"[vc_row][vc_column][vc_column_text]M\u00e1s de 100 a\u00f1os de historia nos avalan como refugio y tradici\u00f3n en [&hellip;]","og_url":"https:\/\/hostalayestaran.com\/es\/hotel\/","og_site_name":"Hotel Ayestar\u00e1n","article_modified_time":"2026-03-20T11:42:24+00:00","twitter_card":"summary_large_image","twitter_misc":{"Tiempo de lectura":"4 minutos"},"schema":{"@context":"https:\/\/schema.org","@graph":[{"@type":"WebPage","@id":"https:\/\/hostalayestaran.com\/es\/hotel\/","url":"https:\/\/hostalayestaran.com\/es\/hotel\/","name":"Hotel Ayestar\u00e1n - Hotel Ayestar\u00e1n","isPartOf":{"@id":"https:\/\/hostalayestaran.com\/es\/#website"},"datePublished":"2019-09-18T09:13:29+00:00","dateModified":"2026-03-20T11:42:24+00:00","breadcrumb":{"@id":"https:\/\/hostalayestaran.com\/es\/hotel\/#breadcrumb"},"inLanguage":"es","potentialAction":[{"@type":"ReadAction","target":["https:\/\/hostalayestaran.com\/es\/hotel\/"]}]},{"@type":"BreadcrumbList","@id":"https:\/\/hostalayestaran.com\/es\/hotel\/#breadcrumb","itemListElement":[{"@type":"ListItem","position":1,"name":"Portada","item":"https:\/\/hostalayestaran.com\/es\/"},{"@type":"ListItem","position":2,"name":"Hotel Ayestar\u00e1n"}]},{"@type":"WebSite","@id":"https:\/\/hostalayestaran.com\/es\/#website","url":"https:\/\/hostalayestaran.com\/es\/","name":"Hotel Ayestar\u00e1n","description":"Hotel y Restaurante en Lekunberri, Navarra","publisher":{"@id":"https:\/\/hostalayestaran.com\/es\/#organization"},"potentialAction":[{"@type":"SearchAction","target":{"@type":"EntryPoint","urlTemplate":"https:\/\/hostalayestaran.com\/es\/?s={search_term_string}"},"query-input":{"@type":"PropertyValueSpecification","valueRequired":true,"valueName":"search_term_string"}}],"inLanguage":"es"},{"@type":"Organization","@id":"https:\/\/hostalayestaran.com\/es\/#organization","name":"Hotel-Hostal Rural Ayestar\u00e1n en Lekunberri, Navarra","url":"https:\/\/hostalayestaran.com\/es\/","logo":{"@type":"ImageObject","inLanguage":"es","@id":"https:\/\/hostalayestaran.com\/es\/#\/schema\/logo\/image\/","url":"https:\/\/hostalayestaran.com\/wp-content\/uploads\/2019\/09\/logotipo-hotel-ayestaran-200x133.png","contentUrl":"https:\/\/hostalayestaran.com\/wp-content\/uploads\/2019\/09\/logotipo-hotel-ayestaran-200x133.png","width":200,"height":133,"caption":"Hotel-Hostal Rural Ayestar\u00e1n en Lekunberri, Navarra"},"image":{"@id":"https:\/\/hostalayestaran.com\/es\/#\/schema\/logo\/image\/"}}]}},"_links":{"self":[{"href":"https:\/\/hostalayestaran.com\/es\/wp-json\/wp\/v2\/pages\/2154","targetHints":{"allow":["GET"]}}],"collection":[{"href":"https:\/\/hostalayestaran.com\/es\/wp-json\/wp\/v2\/pages"}],"about":[{"href":"https:\/\/hostalayestaran.com\/es\/wp-json\/wp\/v2\/types\/page"}],"author":[{"embeddable":true,"href":"https:\/\/hostalayestaran.com\/es\/wp-json\/wp\/v2\/users\/1"}],"replies":[{"embeddable":true,"href":"https:\/\/hostalayestaran.com\/es\/wp-json\/wp\/v2\/comments?post=2154"}],"version-history":[{"count":157,"href":"https:\/\/hostalayestaran.com\/es\/wp-json\/wp\/v2\/pages\/2154\/revisions"}],"predecessor-version":[{"id":5387,"href":"https:\/\/hostalayestaran.com\/es\/wp-json\/wp\/v2\/pages\/2154\/revisions\/5387"}],"wp:attachment":[{"href":"https:\/\/hostalayestaran.com\/es\/wp-json\/wp\/v2\/media?parent=2154"}],"curies":[{"name":"wp","href":"https:\/\/api.w.org\/{rel}","templated":true}]}}