{"id":1899,"date":"2019-09-12T15:22:40","date_gmt":"2019-09-12T13:22:40","guid":{"rendered":"http:\/\/hostalayestaran.com\/?page_id=1899"},"modified":"2025-04-11T18:36:55","modified_gmt":"2025-04-11T16:36:55","slug":"el-asesinato-del-padre-don-angel","status":"publish","type":"page","link":"https:\/\/hostalayestaran.com\/es\/misterios-ayestaran\/el-asesinato-del-padre-don-angel\/","title":{"rendered":"El Asesinato del Padre Don \u00c1ngel"},"content":{"rendered":"<p>[vc_row full_width=\u00bbstretch_row\u00bb bg_type=\u00bbimage\u00bb parallax_style=\u00bbvcpb-default\u00bb bg_image_new=\u00bbid^1852|url^http:\/\/hostalayestaran.com\/wp-content\/uploads\/2019\/09\/misterios-ayestaran-fondo.jpg|caption^null|alt^null|title^misterios-ayestaran-fondo|description^null\u00bb bg_image_repeat=\u00bbno-repeat\u00bb][vc_column]<div class=\"ult-spacer spacer-69e178de4a677\" data-id=\"69e178de4a677\" data-height=\"150\" data-height-mobile=\"150\" data-height-tab=\"150\" data-height-tab-portrait=\"150\" data-height-mobile-landscape=\"150\" style=\"clear:both;display:block;\"><\/div><div id=\"ultimate-heading-355569e178de4af47\" class=\"uvc-heading ult-adjust-bottom-margin ultimate-heading-355569e178de4af47 uvc-8860 \" data-hspacer=\"line_with_icon\" data-hline_width=\"auto\" data-hicon_type=\"custom\" data-hborder_style=\"solid\" data-hborder_height=\"2\" data-hborder_color=\"#000000\" data-icon_width=\"220\" data-hfixer=\"10\"  data-halign=\"center\" style=\"text-align:center\"><div class=\"uvc-heading-spacer line_with_icon\" style=\"top\"><div class=\"ult-just-icon-wrapper  \"><div class=\"align-icon\" style=\"text-align:center;\">\n<div class=\"aio-icon-img \" style=\"font-size:220px;display:inline-block;\" >\n\t<img decoding=\"async\" class=\"img-icon\" alt=\"null\" src=\"https:\/\/hostalayestaran.com\/wp-content\/uploads\/2019\/09\/misterios-logo-negro.png\"\/>\n<\/div><\/div><\/div><\/div><\/div><div class=\"ult-spacer spacer-69e178de4afe8\" data-id=\"69e178de4afe8\" data-height=\"60\" data-height-mobile=\"40\" data-height-tab=\"60\" data-height-tab-portrait=\"40\" data-height-mobile-landscape=\"40\" style=\"clear:both;display:block;\"><\/div>[vc_row_inner][vc_column_inner width=\u00bb1\/2&#8243;][vc_single_image image=\u00bb2402&#8243; img_size=\u00bbfull\u00bb alignment=\u00bbright\u00bb]<div class=\"ult-spacer spacer-69e178de4b04e\" data-id=\"69e178de4b04e\" data-height=\"0\" data-height-mobile=\"20\" data-height-tab=\"30\" data-height-tab-portrait=\"30\" data-height-mobile-landscape=\"20\" style=\"clear:both;display:block;\"><\/div>[\/vc_column_inner][vc_column_inner width=\u00bb1\/2&#8243;]<div class=\"ult-content-box-container \" >\t\t<div class=\"ult-content-box\" style=\"background-color:#ffffff;box-shadow: px px px px none;border-style:solid;border-radius:25px;padding-top:25px;padding-right:35px;padding-bottom:25px;padding-left:35px;-webkit-transition: all 700ms ease;-moz-transition: all 700ms ease;-ms-transition: all 700ms ease;-o-transition: all 700ms ease;transition: all 700ms ease;\"  data-hover_box_shadow=\"none\"     data-bg=\"#ffffff\"  data-border_color=\"\" ><div id=\"ultimate-heading-487269e178de4b2e1\" class=\"uvc-heading ult-adjust-bottom-margin ultimate-heading-487269e178de4b2e1 uvc-9341 \" data-hspacer=\"no_spacer\"  data-halign=\"left\" style=\"text-align:left\"><div class=\"uvc-heading-spacer no_spacer\" style=\"top\"><\/div><div class=\"uvc-sub-heading ult-responsive\"  data-ultimate-target='.uvc-heading.ultimate-heading-487269e178de4b2e1 .uvc-sub-heading '  data-responsive-json-new='{\"font-size\":\"desktop:15px;\",\"line-height\":\"desktop:25px;\"}'  style=\"font-family:&#039;Open Sans&#039;;font-weight:normal;color:#000000;\"><\/p>\n<div class=\"flex-shrink-0 flex flex-col relative items-end\">\n<div>\n<div class=\"pt-0\">\n<div class=\"gizmo-bot-avatar flex h-8 w-8 items-center justify-center overflow-hidden rounded-full\">\n<div class=\"relative p-1 rounded-sm flex items-center justify-center bg-token-main-surface-primary text-token-text-primary h-8 w-8\"><strong>20 de abril de 1944: El Hotel Ayestar\u00e1n se prepara para recibir a sus hu\u00e9spedes\u2026<\/strong><\/div>\n<div><\/div>\n<\/div>\n<\/div>\n<\/div>\n<\/div>\n<p><em>\u00bf<\/em>Qu\u00e9 secretos esconde el padre Don \u00c1ngel? \u00bfQu\u00e9 lleva a tan ilustres personajes a pasar unos d\u00edas en Lekunberri?<\/p>\n<p>En el Hotel se encuentran figuras de lo m\u00e1s variadas: el propietario del hotel y su hija, un Doctor, una religiosa Duquesa, un carism\u00e1tico Aviador Norteamericano, una Baronesa, un Historiador con muchas preguntas, una Criada y un Indiano; t\u00fa ser\u00e1s uno de ellos.<\/p>\n<p>D\u00edas antes de comenzar el juego, recibir\u00e1s t\u00fa personaje y te caracterizaras con la ayuda del atrezo facilitado por nuestra parte, as\u00ed la experiencia ser\u00e1 m\u00e1s realista.<\/p>\n<p>Ad\u00e9ntrate en un <strong>Cluedo en Vivo<\/strong> al estilo Agatha Christie, donde uno de los participantes es el asesino\u2026 \u00a1pero ni \u00e9l lo sabe!<\/p>\n<p>Aunque no es una experiencia de miedo, la tensi\u00f3n se mantendr\u00e1 hasta el final.<\/p>\n<p><em>Precio: 195\u20ac por persona en habitaci\u00f3n doble.<\/em><\/p>\n<p>*Suplemento habitaci\u00f3n de uso individual 30\u20ac<\/p>\n<p><strong>Participantes:<\/strong> 16-20 personas<\/p>\n<p><\/div><\/div>\t\t<\/div><\/div><div class=\"ult-spacer spacer-69e178de4b3cf\" data-id=\"69e178de4b3cf\" data-height=\"30\" data-height-mobile=\"20\" data-height-tab=\"30\" data-height-tab-portrait=\"30\" data-height-mobile-landscape=\"20\" style=\"clear:both;display:block;\"><\/div>[\/vc_column_inner][\/vc_row_inner]<div class=\"ult-spacer spacer-69e178de4b42b\" data-id=\"69e178de4b42b\" data-height=\"30\" data-height-mobile=\"20\" data-height-tab=\"30\" data-height-tab-portrait=\"30\" data-height-mobile-landscape=\"20\" style=\"clear:both;display:block;\"><\/div>[vc_separator color=\u00bbcustom\u00bb accent_color=\u00bb#727272&#8243; css=\u00bb.vc_custom_1568042929875{padding-bottom: 15px !important;}\u00bb]<div class=\"ult-spacer spacer-69e178de4b481\" data-id=\"69e178de4b481\" data-height=\"60\" data-height-mobile=\"40\" data-height-tab=\"60\" data-height-tab-portrait=\"40\" data-height-mobile-landscape=\"40\" style=\"clear:both;display:block;\"><\/div>[\/vc_column][\/vc_row][vc_row full_width=\u00bbstretch_row_content\u00bb bg_type=\u00bbbg_color\u00bb bg_override=\u00bbex-full\u00bb bg_color_value=\u00bb#000000&#8243;][vc_column css=\u00bb.vc_custom_1491682521219{padding-right: 30px !important;padding-left: 30px !important;}\u00bb]<div class=\"ult-spacer spacer-69e178de4b4d2\" data-id=\"69e178de4b4d2\" data-height=\"50\" data-height-mobile=\"30\" data-height-tab=\"50\" data-height-tab-portrait=\"50\" data-height-mobile-landscape=\"30\" style=\"clear:both;display:block;\"><\/div><div id=\"ultimate-heading-453769e178de4bc15\" class=\"uvc-heading ult-adjust-bottom-margin ultimate-heading-453769e178de4bc15 uvc-3023 \" data-hspacer=\"line_with_icon\" data-hline_width=\"auto\" data-hicon_type=\"custom\" data-hborder_style=\"solid\" data-hborder_height=\"1\" data-hborder_color=\"#ffffff\" data-icon_width=\"50\" data-hfixer=\"10\"  data-halign=\"center\" style=\"text-align:center\"><div class=\"uvc-main-heading ult-responsive\"  data-ultimate-target='.uvc-heading.ultimate-heading-453769e178de4bc15 h2'  data-responsive-json-new='{\"font-size\":\"desktop:20px;\",\"line-height\":\"\"}' ><h2 style=\"font-family:&#039;Ubuntu&#039;;font-weight:500;color:#ffffff;\">DESCUBRE TODOS LOS MISTERIOS DEL AYESTAR\u00c1N<\/h2><\/div><div class=\"uvc-heading-spacer line_with_icon\" style=\"margin-top:15px;margin-bottom:15px;\"><div class=\"ult-just-icon-wrapper  \"><div class=\"align-icon\" style=\"text-align:center;\">\n<div class=\"aio-icon-img \" style=\"font-size:50px;display:inline-block;\" >\n\t<img decoding=\"async\" class=\"img-icon\" alt=\"null\" src=\"https:\/\/hostalayestaran.com\/wp-content\/uploads\/2019\/09\/BIGOTE.png\"\/>\n<\/div><\/div><\/div><\/div><div class=\"uvc-sub-heading ult-responsive\"  data-ultimate-target='.uvc-heading.ultimate-heading-453769e178de4bc15 .uvc-sub-heading '  data-responsive-json-new='{\"font-size\":\"desktop:22px;\",\"line-height\":\"\"}'  style=\"font-family:&#039;Ubuntu&#039;;font-weight:300;margin-bottom:50px;\">\u00bfTE ATREVES?<\/div><\/div><div id=\"ult-carousel-181421396369e178de4c04c\" class=\"ult-carousel-wrapper   ult_horizontal\" data-gutter=\"15\" data-rtl=\"false\" ><div class=\"ult-carousel-19397431969e178de4bcdd \" ><div class=\"ult-item-wrap\" data-animation=\"animated no-animation\"><div class=\"ult-content-box-container \" >\t<a class=\"ult-content-box-anchor\" href=\"http:\/\/hostalayestaran.com\/index.php\/misterios-ayestaran\/operacion-neptuno\/\" title=\"Operaci\u00f3n Neptuno\" >\t\t<div class=\"ult-content-box\" style=\"background-image:url(&#039;https:\/\/hostalayestaran.com\/wp-content\/uploads\/2019\/09\/neptuno.jpg&#039;);background-size: cover;background-repeat: repeat;background-position: center center;background-color: rgba(0, 0, 0, 0);box-shadow: px px px px none;border-style:solid;border-width:1px;border-color:#8c8c8c;padding-top:250px;-webkit-transition: all 700ms ease;-moz-transition: all 700ms ease;-ms-transition: all 700ms ease;-o-transition: all 700ms ease;transition: all 700ms ease;\"  data-hover_box_shadow=\"none\"  data-hover_border_color=\"#8c8c8c\"     data-border_color=\"#8c8c8c\" >\t\t<\/div>\t<\/a><\/div><\/div><div class=\"ult-item-wrap\" data-animation=\"animated no-animation\"><div class=\"ult-content-box-container \" >\t<a class=\"ult-content-box-anchor\" href=\"http:\/\/hostalayestaran.com\/index.php\/misterios-ayestaran\/akelarre\/\" title=\"Akelarre\" >\t\t<div class=\"ult-content-box\" style=\"background-image:url(&#039;https:\/\/hostalayestaran.com\/wp-content\/uploads\/2019\/09\/akelarre-2.jpg&#039;);background-size: cover;background-repeat: repeat;background-position: center center;background-color: rgba(0, 0, 0, 0);box-shadow: px px px px none;border-style:solid;border-width:1px;border-color:#8c8c8c;padding-top:250px;-webkit-transition: all 700ms ease;-moz-transition: all 700ms ease;-ms-transition: all 700ms ease;-o-transition: all 700ms ease;transition: all 700ms ease;\"  data-hover_box_shadow=\"none\"  data-hover_border_color=\"#8c8c8c\"     data-border_color=\"#8c8c8c\" >\t\t<\/div>\t<\/a><\/div><\/div><div class=\"ult-item-wrap\" data-animation=\"animated no-animation\"><div class=\"ult-content-box-container \" >\t<a class=\"ult-content-box-anchor\" href=\"http:\/\/hostalayestaran.com\/index.php\/misterios-ayestaran\/el-asesinato-del-padre-don-angel\/\" title=\"El Asesinato del Padre Don \u00c1ngel\" >\t\t<div class=\"ult-content-box\" style=\"background-image:url(&#039;https:\/\/hostalayestaran.com\/wp-content\/uploads\/2019\/09\/padre-don-angel.jpg&#039;);background-size: cover;background-repeat: repeat;background-position: center center;background-color: rgba(0, 0, 0, 0);box-shadow: px px px px none;border-style:solid;border-width:1px;border-color:#8c8c8c;padding-top:250px;-webkit-transition: all 700ms ease;-moz-transition: all 700ms ease;-ms-transition: all 700ms ease;-o-transition: all 700ms ease;transition: all 700ms ease;\"  data-hover_box_shadow=\"none\"  data-hover_border_color=\"#8c8c8c\"     data-border_color=\"#8c8c8c\" >\t\t<\/div>\t<\/a><\/div><\/div><div class=\"ult-item-wrap\" data-animation=\"animated no-animation\"><div class=\"ult-content-box-container \" >\t<a class=\"ult-content-box-anchor\" href=\"http:\/\/hostalayestaran.com\/index.php\/misterios-ayestaran\/no-todo-es-lo-que-parece\/\" title=\"No todo es lo que parece \u00bfTe atreves?\" >\t\t<div class=\"ult-content-box\" style=\"background-image:url(&#039;https:\/\/hostalayestaran.com\/wp-content\/uploads\/2019\/09\/te-atreves-1.jpg&#039;);background-size: cover;background-repeat: repeat;background-position: center center;background-color: rgba(0, 0, 0, 0);box-shadow: px px px px none;border-style:solid;border-width:1px;border-color:#8c8c8c;padding-top:250px;padding-bottom:0px;-webkit-transition: all 700ms ease;-moz-transition: all 700ms ease;-ms-transition: all 700ms ease;-o-transition: all 700ms ease;transition: all 700ms ease;\"  data-hover_box_shadow=\"none\"  data-hover_border_color=\"#8c8c8c\"     data-border_color=\"#8c8c8c\" >\t\t<\/div>\t<\/a><\/div><\/div><\/div><\/div>\t\t\t<script type=\"text\/javascript\">\r\n\t\t\t\tjQuery(document).ready(function ($) {\r\n\t\t\t\t\tif( typeof jQuery('.ult-carousel-19397431969e178de4bcdd').slick == \"function\"){\r\n\t\t\t\t\t\t$('.ult-carousel-19397431969e178de4bcdd').slick({dots: false,autoplay: true,autoplaySpeed: 5000,speed: 300,infinite: true,arrows: true,nextArrow: '<button type=\"button\" role=\"button\" aria-label=\"Next\" style=\"color:#ffffff; font-size:20px;\" class=\"slick-next default\"><i class=\"ultsl-arrow-right4\"><\/i><\/button>',prevArrow: '<button type=\"button\" role=\"button\" aria-label=\"Previous\" style=\"color:#ffffff; font-size:20px;\" class=\"slick-prev default\"><i class=\"ultsl-arrow-left4\"><\/i><\/button>',slidesToScroll:1,slidesToShow:4,swipe: true,draggable: true,touchMove: true,pauseOnHover: true,pauseOnFocus: false,responsive: [\r\n\t\t\t\t\t\t\t{\r\n\t\t\t\t\t\t\t  breakpoint: 1026,\r\n\t\t\t\t\t\t\t  settings: {\r\n\t\t\t\t\t\t\t\tslidesToShow: 4,\r\n\t\t\t\t\t\t\t\tslidesToScroll: 1,  \r\n\t\t\t\t\t\t\t  }\r\n\t\t\t\t\t\t\t},\r\n\t\t\t\t\t\t\t{\r\n\t\t\t\t\t\t\t  breakpoint: 1025,\r\n\t\t\t\t\t\t\t  settings: {\r\n\t\t\t\t\t\t\t\tslidesToShow: 2,\r\n\t\t\t\t\t\t\t\tslidesToScroll: 1\r\n\t\t\t\t\t\t\t  }\r\n\t\t\t\t\t\t\t},\r\n\t\t\t\t\t\t\t{\r\n\t\t\t\t\t\t\t  breakpoint: 760,\r\n\t\t\t\t\t\t\t  settings: {\r\n\t\t\t\t\t\t\t\tslidesToShow: 1,\r\n\t\t\t\t\t\t\t\tslidesToScroll: 1\r\n\t\t\t\t\t\t\t  }\r\n\t\t\t\t\t\t\t}\r\n\t\t\t\t\t\t],pauseOnDotsHover: true,customPaging: function(slider, i) {\r\n                   return '<i type=\"button\" style= \"color:#333333;\" class=\"ultsl-record\" data-role=\"none\"><\/i>';\r\n                },});\r\n\t\t\t\t\t}\r\n\t\t\t\t});\r\n\t\t\t<\/script>\r\n\t\t\t[\/vc_column][\/vc_row]<\/p>\n","protected":false},"excerpt":{"rendered":"<p>[vc_row full_width=\u00bbstretch_row\u00bb bg_type=\u00bbimage\u00bb parallax_style=\u00bbvcpb-default\u00bb bg_image_new=\u00bbid^1852|url^http:\/\/hostalayestaran.com\/wp-content\/uploads\/2019\/09\/misterios-ayestaran-fondo.jpg|caption^null|alt^null|title^misterios-ayestaran-fondo|description^null\u00bb bg_image_repeat=\u00bbno-repeat\u00bb][vc_column][vc_row_inner][vc_column_inner width=\u00bb1\/2&#8243;][vc_single_image image=\u00bb2402&#8243; img_size=\u00bbfull\u00bb alignment=\u00bbright\u00bb][\/vc_column_inner][vc_column_inner width=\u00bb1\/2&#8243;][\/vc_column_inner][\/vc_row_inner][vc_separator color=\u00bbcustom\u00bb accent_color=\u00bb#727272&#8243; [&hellip;]<\/p>\n","protected":false},"author":1,"featured_media":0,"parent":1794,"menu_order":0,"comment_status":"closed","ping_status":"closed","template":"page.php","meta":{"_exactmetrics_skip_tracking":false,"_exactmetrics_sitenote_active":false,"_exactmetrics_sitenote_note":"","_exactmetrics_sitenote_category":0,"footnotes":""},"class_list":["post-1899","page","type-page","status-publish","hentry"],"yoast_head":"<!-- This site is optimized with the Yoast SEO plugin v26.9 - https:\/\/yoast.com\/product\/yoast-seo-wordpress\/ -->\r\n<title>El Asesinato del Padre Don \u00c1ngel - Hotel Ayestar\u00e1n<\/title>\r\n<meta name=\"robots\" content=\"index, follow, max-snippet:-1, max-image-preview:large, max-video-preview:-1\" \/>\r\n<link rel=\"canonical\" href=\"https:\/\/hostalayestaran.com\/es\/misterios-ayestaran\/el-asesinato-del-padre-don-angel\/\" \/>\r\n<meta property=\"og:locale\" content=\"es_ES\" \/>\r\n<meta property=\"og:type\" content=\"article\" \/>\r\n<meta property=\"og:title\" content=\"El Asesinato del Padre Don \u00c1ngel - Hotel Ayestar\u00e1n\" \/>\r\n<meta property=\"og:description\" content=\"[vc_row full_width=\u00bbstretch_row\u00bb bg_type=\u00bbimage\u00bb parallax_style=\u00bbvcpb-default\u00bb bg_image_new=\u00bbid^1852|url^http:\/\/hostalayestaran.com\/wp-content\/uploads\/2019\/09\/misterios-ayestaran-fondo.jpg|caption^null|alt^null|title^misterios-ayestaran-fondo|description^null\u00bb bg_image_repeat=\u00bbno-repeat\u00bb][vc_column][vc_row_inner][vc_column_inner width=\u00bb1\/2&#8243;][vc_single_image image=\u00bb2402&#8243; img_size=\u00bbfull\u00bb alignment=\u00bbright\u00bb][\/vc_column_inner][vc_column_inner width=\u00bb1\/2&#8243;][\/vc_column_inner][\/vc_row_inner][vc_separator color=\u00bbcustom\u00bb accent_color=\u00bb#727272&#8243; [&hellip;]\" \/>\r\n<meta property=\"og:url\" content=\"https:\/\/hostalayestaran.com\/es\/misterios-ayestaran\/el-asesinato-del-padre-don-angel\/\" \/>\r\n<meta property=\"og:site_name\" content=\"Hotel Ayestar\u00e1n\" \/>\r\n<meta property=\"article:modified_time\" content=\"2025-04-11T16:36:55+00:00\" \/>\r\n<meta name=\"twitter:card\" content=\"summary_large_image\" \/>\r\n<meta name=\"twitter:label1\" content=\"Tiempo de lectura\" \/>\n\t<meta name=\"twitter:data1\" content=\"5 minutos\" \/>\r\n<script type=\"application\/ld+json\" class=\"yoast-schema-graph\">{\"@context\":\"https:\/\/schema.org\",\"@graph\":[{\"@type\":\"WebPage\",\"@id\":\"https:\/\/hostalayestaran.com\/es\/misterios-ayestaran\/el-asesinato-del-padre-don-angel\/\",\"url\":\"https:\/\/hostalayestaran.com\/es\/misterios-ayestaran\/el-asesinato-del-padre-don-angel\/\",\"name\":\"El Asesinato del Padre Don \u00c1ngel - Hotel Ayestar\u00e1n\",\"isPartOf\":{\"@id\":\"https:\/\/hostalayestaran.com\/es\/#website\"},\"datePublished\":\"2019-09-12T13:22:40+00:00\",\"dateModified\":\"2025-04-11T16:36:55+00:00\",\"breadcrumb\":{\"@id\":\"https:\/\/hostalayestaran.com\/es\/misterios-ayestaran\/el-asesinato-del-padre-don-angel\/#breadcrumb\"},\"inLanguage\":\"es\",\"potentialAction\":[{\"@type\":\"ReadAction\",\"target\":[\"https:\/\/hostalayestaran.com\/es\/misterios-ayestaran\/el-asesinato-del-padre-don-angel\/\"]}]},{\"@type\":\"BreadcrumbList\",\"@id\":\"https:\/\/hostalayestaran.com\/es\/misterios-ayestaran\/el-asesinato-del-padre-don-angel\/#breadcrumb\",\"itemListElement\":[{\"@type\":\"ListItem\",\"position\":1,\"name\":\"Portada\",\"item\":\"https:\/\/hostalayestaran.com\/es\/\"},{\"@type\":\"ListItem\",\"position\":2,\"name\":\"Misterios en el Ayestar\u00e1n\",\"item\":\"https:\/\/hostalayestaran.com\/es\/misterios-ayestaran\/\"},{\"@type\":\"ListItem\",\"position\":3,\"name\":\"El Asesinato del Padre Don \u00c1ngel\"}]},{\"@type\":\"WebSite\",\"@id\":\"https:\/\/hostalayestaran.com\/es\/#website\",\"url\":\"https:\/\/hostalayestaran.com\/es\/\",\"name\":\"Hotel Ayestar\u00e1n\",\"description\":\"Hotel y Restaurante en Lekunberri, Navarra\",\"publisher\":{\"@id\":\"https:\/\/hostalayestaran.com\/es\/#organization\"},\"potentialAction\":[{\"@type\":\"SearchAction\",\"target\":{\"@type\":\"EntryPoint\",\"urlTemplate\":\"https:\/\/hostalayestaran.com\/es\/?s={search_term_string}\"},\"query-input\":{\"@type\":\"PropertyValueSpecification\",\"valueRequired\":true,\"valueName\":\"search_term_string\"}}],\"inLanguage\":\"es\"},{\"@type\":\"Organization\",\"@id\":\"https:\/\/hostalayestaran.com\/es\/#organization\",\"name\":\"Hotel-Hostal Rural Ayestar\u00e1n en Lekunberri, Navarra\",\"url\":\"https:\/\/hostalayestaran.com\/es\/\",\"logo\":{\"@type\":\"ImageObject\",\"inLanguage\":\"es\",\"@id\":\"https:\/\/hostalayestaran.com\/es\/#\/schema\/logo\/image\/\",\"url\":\"https:\/\/hostalayestaran.com\/wp-content\/uploads\/2019\/09\/logotipo-hotel-ayestaran-200x133.png\",\"contentUrl\":\"https:\/\/hostalayestaran.com\/wp-content\/uploads\/2019\/09\/logotipo-hotel-ayestaran-200x133.png\",\"width\":200,\"height\":133,\"caption\":\"Hotel-Hostal Rural Ayestar\u00e1n en Lekunberri, Navarra\"},\"image\":{\"@id\":\"https:\/\/hostalayestaran.com\/es\/#\/schema\/logo\/image\/\"}}]}<\/script>\r\n<!-- \/ Yoast SEO plugin. -->","yoast_head_json":{"title":"El Asesinato del Padre Don \u00c1ngel - Hotel Ayestar\u00e1n","robots":{"index":"index","follow":"follow","max-snippet":"max-snippet:-1","max-image-preview":"max-image-preview:large","max-video-preview":"max-video-preview:-1"},"canonical":"https:\/\/hostalayestaran.com\/es\/misterios-ayestaran\/el-asesinato-del-padre-don-angel\/","og_locale":"es_ES","og_type":"article","og_title":"El Asesinato del Padre Don \u00c1ngel - Hotel Ayestar\u00e1n","og_description":"[vc_row full_width=\u00bbstretch_row\u00bb bg_type=\u00bbimage\u00bb parallax_style=\u00bbvcpb-default\u00bb bg_image_new=\u00bbid^1852|url^http:\/\/hostalayestaran.com\/wp-content\/uploads\/2019\/09\/misterios-ayestaran-fondo.jpg|caption^null|alt^null|title^misterios-ayestaran-fondo|description^null\u00bb bg_image_repeat=\u00bbno-repeat\u00bb][vc_column][vc_row_inner][vc_column_inner width=\u00bb1\/2&#8243;][vc_single_image image=\u00bb2402&#8243; img_size=\u00bbfull\u00bb alignment=\u00bbright\u00bb][\/vc_column_inner][vc_column_inner width=\u00bb1\/2&#8243;][\/vc_column_inner][\/vc_row_inner][vc_separator color=\u00bbcustom\u00bb accent_color=\u00bb#727272&#8243; [&hellip;]","og_url":"https:\/\/hostalayestaran.com\/es\/misterios-ayestaran\/el-asesinato-del-padre-don-angel\/","og_site_name":"Hotel Ayestar\u00e1n","article_modified_time":"2025-04-11T16:36:55+00:00","twitter_card":"summary_large_image","twitter_misc":{"Tiempo de lectura":"5 minutos"},"schema":{"@context":"https:\/\/schema.org","@graph":[{"@type":"WebPage","@id":"https:\/\/hostalayestaran.com\/es\/misterios-ayestaran\/el-asesinato-del-padre-don-angel\/","url":"https:\/\/hostalayestaran.com\/es\/misterios-ayestaran\/el-asesinato-del-padre-don-angel\/","name":"El Asesinato del Padre Don \u00c1ngel - Hotel Ayestar\u00e1n","isPartOf":{"@id":"https:\/\/hostalayestaran.com\/es\/#website"},"datePublished":"2019-09-12T13:22:40+00:00","dateModified":"2025-04-11T16:36:55+00:00","breadcrumb":{"@id":"https:\/\/hostalayestaran.com\/es\/misterios-ayestaran\/el-asesinato-del-padre-don-angel\/#breadcrumb"},"inLanguage":"es","potentialAction":[{"@type":"ReadAction","target":["https:\/\/hostalayestaran.com\/es\/misterios-ayestaran\/el-asesinato-del-padre-don-angel\/"]}]},{"@type":"BreadcrumbList","@id":"https:\/\/hostalayestaran.com\/es\/misterios-ayestaran\/el-asesinato-del-padre-don-angel\/#breadcrumb","itemListElement":[{"@type":"ListItem","position":1,"name":"Portada","item":"https:\/\/hostalayestaran.com\/es\/"},{"@type":"ListItem","position":2,"name":"Misterios en el Ayestar\u00e1n","item":"https:\/\/hostalayestaran.com\/es\/misterios-ayestaran\/"},{"@type":"ListItem","position":3,"name":"El Asesinato del Padre Don \u00c1ngel"}]},{"@type":"WebSite","@id":"https:\/\/hostalayestaran.com\/es\/#website","url":"https:\/\/hostalayestaran.com\/es\/","name":"Hotel Ayestar\u00e1n","description":"Hotel y Restaurante en Lekunberri, Navarra","publisher":{"@id":"https:\/\/hostalayestaran.com\/es\/#organization"},"potentialAction":[{"@type":"SearchAction","target":{"@type":"EntryPoint","urlTemplate":"https:\/\/hostalayestaran.com\/es\/?s={search_term_string}"},"query-input":{"@type":"PropertyValueSpecification","valueRequired":true,"valueName":"search_term_string"}}],"inLanguage":"es"},{"@type":"Organization","@id":"https:\/\/hostalayestaran.com\/es\/#organization","name":"Hotel-Hostal Rural Ayestar\u00e1n en Lekunberri, Navarra","url":"https:\/\/hostalayestaran.com\/es\/","logo":{"@type":"ImageObject","inLanguage":"es","@id":"https:\/\/hostalayestaran.com\/es\/#\/schema\/logo\/image\/","url":"https:\/\/hostalayestaran.com\/wp-content\/uploads\/2019\/09\/logotipo-hotel-ayestaran-200x133.png","contentUrl":"https:\/\/hostalayestaran.com\/wp-content\/uploads\/2019\/09\/logotipo-hotel-ayestaran-200x133.png","width":200,"height":133,"caption":"Hotel-Hostal Rural Ayestar\u00e1n en Lekunberri, Navarra"},"image":{"@id":"https:\/\/hostalayestaran.com\/es\/#\/schema\/logo\/image\/"}}]}},"_links":{"self":[{"href":"https:\/\/hostalayestaran.com\/es\/wp-json\/wp\/v2\/pages\/1899","targetHints":{"allow":["GET"]}}],"collection":[{"href":"https:\/\/hostalayestaran.com\/es\/wp-json\/wp\/v2\/pages"}],"about":[{"href":"https:\/\/hostalayestaran.com\/es\/wp-json\/wp\/v2\/types\/page"}],"author":[{"embeddable":true,"href":"https:\/\/hostalayestaran.com\/es\/wp-json\/wp\/v2\/users\/1"}],"replies":[{"embeddable":true,"href":"https:\/\/hostalayestaran.com\/es\/wp-json\/wp\/v2\/comments?post=1899"}],"version-history":[{"count":27,"href":"https:\/\/hostalayestaran.com\/es\/wp-json\/wp\/v2\/pages\/1899\/revisions"}],"predecessor-version":[{"id":4453,"href":"https:\/\/hostalayestaran.com\/es\/wp-json\/wp\/v2\/pages\/1899\/revisions\/4453"}],"up":[{"embeddable":true,"href":"https:\/\/hostalayestaran.com\/es\/wp-json\/wp\/v2\/pages\/1794"}],"wp:attachment":[{"href":"https:\/\/hostalayestaran.com\/es\/wp-json\/wp\/v2\/media?parent=1899"}],"curies":[{"name":"wp","href":"https:\/\/api.w.org\/{rel}","templated":true}]}}